{"id":39572,"date":"2023-12-05T13:37:22","date_gmt":"2023-12-05T13:37:22","guid":{"rendered":"https:\/\/evotek.md\/?post_type=product&#038;p=39572"},"modified":"2023-12-05T13:39:57","modified_gmt":"2023-12-05T13:39:57","slug":"cutit-pentru-curatare-maro11-cm-sanelli-st82011n","status":"publish","type":"product","link":"https:\/\/evotek.md\/ro\/produse\/accesorii-si-inventar-bucatarie\/cutite-bucatarie\/cutit-pentru-curatare-maro11-cm-sanelli-st82011n\/","title":{"rendered":"CUTIT PENTRU CURATARE, MARO 11 cm-Sanelli-ST82011N"},"content":{"rendered":"<p><strong>CUTIT PENTRU CURATARE, MARO 11 cm-Sanelli-ST82011N-<\/strong> O gam\u0103 inovatoare de cu\u021bite profesionale cu m\u00e2nere din dou\u0103 materiale diferite \u0219i lame fabricate din o\u021bel inoxidabil special NITRO-B cu adaos de azot (1.4916). Acest nou m\u00e2ner are un miez din polipropilen\u0103 str\u00e2ns legat de o\u021bel inoxidabil, acoperit cu un strat gros de material SEBS mai moale. Cele dou\u0103 piese sunt turnate \u00eempreun\u0103 pentru a forma un m\u00e2ner perfect puternic, iar stratul exterior exterior are puncte ergonomice ridicate pentru a \u00eembun\u0103t\u0103\u021bi propriet\u0103\u021bile antiderapante pentru un confort \u0219i o eficien\u021b\u0103 maxime. Toate materialele sunt netoxice, sterilizabile, se pot sp\u0103la \u00een ma\u0219ina de sp\u0103lat vase, sunt rezistente la c\u0103ldur\u0103 \u0219i la frig \u0219i respect\u0103 cele mai recente cerin\u021be UE \u00een materie de contact alimentar.<\/p>\n<p>Caracteristici<br \/>\nLungime: 11 cm<br \/>\nMaterial: inox<br \/>\nCuloare: maro<\/p>\n<p>&nbsp;<\/p>\n","protected":false},"excerpt":{"rendered":"<p>Cu\u021bit pentru curatare. Lungime: 11 cm; Material: inox; Culoare: maro<\/p>\n","protected":false},"featured_media":39575,"template":"","meta":[],"_links":{"self":[{"href":"https:\/\/evotek.md\/ro\/wp-json\/wp\/v2\/product\/39572"}],"collection":[{"href":"https:\/\/evotek.md\/ro\/wp-json\/wp\/v2\/product"}],"about":[{"href":"https:\/\/evotek.md\/ro\/wp-json\/wp\/v2\/types\/product"}],"wp:featuredmedia":[{"embeddable":true,"href":"https:\/\/evotek.md\/ro\/wp-json\/wp\/v2\/media\/39575"}],"wp:attachment":[{"href":"https:\/\/evotek.md\/ro\/wp-json\/wp\/v2\/media?parent=39572"}],"curies":[{"name":"wp","href":"https:\/\/api.w.org\/{rel}","templated":true}]}}