{"id":39567,"date":"2023-12-05T13:16:37","date_gmt":"2023-12-05T13:16:37","guid":{"rendered":"https:\/\/evotek.md\/?post_type=product&#038;p=39567"},"modified":"2023-12-05T13:30:21","modified_gmt":"2023-12-05T13:30:21","slug":"st91007n","status":"publish","type":"product","link":"https:\/\/evotek.md\/ro\/produse\/accesorii-si-inventar-bucatarie\/cutite-bucatarie\/st91007n\/","title":{"rendered":"CUTIT PENTRU CURATAT LEGUME, MARO 7 cm -Sanelli-ST91007N"},"content":{"rendered":"<p><strong>CUTIT PENTRU CURATAT LEGUME, MARO 7 cm -Sanelli-ST91007N-<\/strong> Partea exterioar\u0103 a m\u00e2nerului din cauciuc termoplastic este mai moale \u0219i are microsfere la suprafa\u021b\u0103 care \u00eei sporesc propriet\u0103\u021bile anti-alunecare.<br \/>\nPartea interioar\u0103, \u00een schimb, este realizat\u0103 din plastic nedeformabil \u0219i este perfect legat\u0103 de tija de o\u021bel.<br \/>\nLama periat\u0103 este fabricat\u0103 din o\u021bel crom-molibden-vanadiu X50CrMoV15.<br \/>\nAscutire finala a fiecarui detaliu cu control laser al profilului.<br \/>\nMarcare laser precis\u0103 \u0219i de ne\u0219ters cu codul produsului \u0219i num\u0103rul lotului.<br \/>\nMaterialele folosite sunt potabile la ma\u0219ina de sp\u0103lat vase, rezistente la temperaturi sc\u0103zute \u0219i ridicate \u0219i respect\u0103 cele mai recente reglement\u0103ri de igien\u0103 alimentar\u0103.<\/p>\n<p>Caracteristici<br \/>\nLungime: 7 cm<br \/>\nTipologie: Legume<br \/>\nMaterial produs: o\u021bel inoxidabil<\/p>\n","protected":false},"excerpt":{"rendered":"<div class=\"product-short-description\">\n<p>Cutit pentru legume, maro, lama de 7 cm. Tipologie: Legume; Material produs: o\u021bel inoxidabil.<\/p>\n<\/div>\n","protected":false},"featured_media":39569,"template":"","meta":[],"_links":{"self":[{"href":"https:\/\/evotek.md\/ro\/wp-json\/wp\/v2\/product\/39567"}],"collection":[{"href":"https:\/\/evotek.md\/ro\/wp-json\/wp\/v2\/product"}],"about":[{"href":"https:\/\/evotek.md\/ro\/wp-json\/wp\/v2\/types\/product"}],"wp:featuredmedia":[{"embeddable":true,"href":"https:\/\/evotek.md\/ro\/wp-json\/wp\/v2\/media\/39569"}],"wp:attachment":[{"href":"https:\/\/evotek.md\/ro\/wp-json\/wp\/v2\/media?parent=39567"}],"curies":[{"name":"wp","href":"https:\/\/api.w.org\/{rel}","templated":true}]}}