{"id":39554,"date":"2023-12-05T10:25:58","date_gmt":"2023-12-05T10:25:57","guid":{"rendered":"https:\/\/evotek.md\/?post_type=product&#038;p=39554"},"modified":"2023-12-05T10:26:40","modified_gmt":"2023-12-05T10:26:40","slug":"musat-30-cm-sy01030b","status":"publish","type":"product","link":"https:\/\/evotek.md\/ro\/produse\/accesorii-si-inventar-bucatarie\/cutite-bucatarie\/musat-30-cm-sy01030b\/","title":{"rendered":"MUSAT 30 cm -SY01030B"},"content":{"rendered":"<p><strong>MUSAT 30 cm -SY01030B-<\/strong> Instrument pentru \u00eendep\u0103rtarea denivel\u0103rilor de la t\u0103ierea cu\u021bitelor de buc\u0103t\u0103rie. Tija rotund\u0103 cu o crest\u0103tur\u0103 longitudinal\u0103, are un m\u00e2ner pentru u\u0219urin\u021ba \u00een utilizare.<\/p>\n<p>Caracteristici<\/p>\n<p>Lungime: 300 mm<\/p>\n<p>Se spal\u0103 \u00een ma\u0219ina de spalat vase<\/p>\n","protected":false},"excerpt":{"rendered":"<div class=\"product-short-description\">\n<p>Pil\u0103 pentru ascu\u021bit cu\u021bite \/ musat. Lungime: 30 cm; Se spal\u0103 \u00een ma\u0219ina de spalat vase.<\/p>\n<\/div>\n","protected":false},"featured_media":39559,"template":"","meta":[],"_links":{"self":[{"href":"https:\/\/evotek.md\/ro\/wp-json\/wp\/v2\/product\/39554"}],"collection":[{"href":"https:\/\/evotek.md\/ro\/wp-json\/wp\/v2\/product"}],"about":[{"href":"https:\/\/evotek.md\/ro\/wp-json\/wp\/v2\/types\/product"}],"wp:featuredmedia":[{"embeddable":true,"href":"https:\/\/evotek.md\/ro\/wp-json\/wp\/v2\/media\/39559"}],"wp:attachment":[{"href":"https:\/\/evotek.md\/ro\/wp-json\/wp\/v2\/media?parent=39554"}],"curies":[{"name":"wp","href":"https:\/\/api.w.org\/{rel}","templated":true}]}}