{"id":39548,"date":"2023-12-05T08:50:10","date_gmt":"2023-12-05T08:50:10","guid":{"rendered":"https:\/\/evotek.md\/?post_type=product&#038;p=39548"},"modified":"2023-12-05T08:51:32","modified_gmt":"2023-12-05T08:51:32","slug":"sq37018b","status":"publish","type":"product","link":"https:\/\/evotek.md\/ro\/produse\/accesorii-si-inventar-bucatarie\/cutite-bucatarie\/sq37018b\/","title":{"rendered":"DESPICATOR NEGRU, 18 cm -Sanelli-SQ37018B"},"content":{"rendered":"<p><strong>DESPICATOR NEGRU, 18 cm -Sanelli-SQ37018B-<\/strong> Conceput\u0103 special pentru profesioni\u0219ti, linia Supra Colore ajut\u0103 la reducerea riscului de contaminare prin utilizarea unui sistem de codificare a culorilor care atribuie o sarcin\u0103 specific\u0103 fiec\u0103rui cu\u021bit, astfel \u00eenc\u00e2t s\u0103 poat\u0103 fi identificate cu u\u0219urin\u021b\u0103 diferite zone ale proces\u0103rii alimentelor. Implementarea acestui sistem v\u0103 ofer\u0103 o cre\u0219tere semnificativ\u0103 a siguran\u021bei alimentelor \u00een acela\u0219i timp, este un r\u0103spuns simplu la reglement\u0103rile HACCP privind igiena alimentelor, pentru o protec\u021bie \u0219i mai mare a consumatorilor.<\/p>\n<p>Caracteristici<br \/>\nLungime: 18 cm<br \/>\nGreutate: 0,600 gr.<br \/>\nMaterial: inox<br \/>\nCuloare: negru.<\/p>\n<p>&nbsp;<\/p>\n","protected":false},"excerpt":{"rendered":"<p>Despic\u0103tor. Lungime: 18 cm; Greutate: 0,600 gr.; Material: inox; Culoare: negru.<\/p>\n","protected":false},"featured_media":39551,"template":"","meta":[],"_links":{"self":[{"href":"https:\/\/evotek.md\/ro\/wp-json\/wp\/v2\/product\/39548"}],"collection":[{"href":"https:\/\/evotek.md\/ro\/wp-json\/wp\/v2\/product"}],"about":[{"href":"https:\/\/evotek.md\/ro\/wp-json\/wp\/v2\/types\/product"}],"wp:featuredmedia":[{"embeddable":true,"href":"https:\/\/evotek.md\/ro\/wp-json\/wp\/v2\/media\/39551"}],"wp:attachment":[{"href":"https:\/\/evotek.md\/ro\/wp-json\/wp\/v2\/media?parent=39548"}],"curies":[{"name":"wp","href":"https:\/\/api.w.org\/{rel}","templated":true}]}}