{"id":39546,"date":"2023-12-05T07:43:47","date_gmt":"2023-12-05T07:45:17","guid":{"rendered":"https:\/\/evotek.md\/?post_type=product&#038;p=39546"},"modified":"2023-12-05T07:45:17","modified_gmt":"2023-12-05T07:45:17","slug":"st-091103","status":"publish","type":"product","link":"https:\/\/evotek.md\/ro\/produse\/fara-categorie\/st-091103\/","title":{"rendered":"GALEATA DIN INOX FARA INEL \u00d8293, 10 LITRI -ST-091103"},"content":{"rendered":"<p><strong>GALEATA DIN INOX FARA INEL \u00d8293, 10 LITRI -ST-091103<\/strong><\/p>\n<p>Un recipient cu g\u0103leat\u0103 din o\u021bel inoxidabil care se folose\u0219te \u00een diverse situa\u021bii \u00een buc\u0103t\u0103rie, gr\u0103din\u0103, atelier sau \u00een afara casei. O\u021belul inoxidabil este un material durabil \u0219i rezistent la rugin\u0103, care ofer\u0103 o utilizare de lung\u0103 durat\u0103 \u0219i este u\u0219or de cur\u0103\u021bat. O g\u0103leat\u0103 din o\u021bel are de obicei o form\u0103 rotund\u0103 sau dreptunghiular\u0103, cu fundul rotunjit \u0219i un m\u00e2ner confortabil pentru transport \u0219i manipulare u\u0219oar\u0103.<\/p>\n<p>Caracteristici<br \/>\nDimensiuni: \u00d8293&#215;245 mm<br \/>\nCapacitate: 10 l<br \/>\nMaterial: otel inoxidabil<br \/>\nTip: fara inel<br \/>\nGradata \u00een interior<\/p>\n","protected":false},"excerpt":{"rendered":"<p>Dimensiuni: \u00d8293&#215;245 mm; Capacitate: 10 l; Material: otel inoxidabil; Tip: fara inel; Gradata \u00een interior.<\/p>\n","protected":false},"featured_media":39545,"template":"","meta":[],"_links":{"self":[{"href":"https:\/\/evotek.md\/ro\/wp-json\/wp\/v2\/product\/39546"}],"collection":[{"href":"https:\/\/evotek.md\/ro\/wp-json\/wp\/v2\/product"}],"about":[{"href":"https:\/\/evotek.md\/ro\/wp-json\/wp\/v2\/types\/product"}],"wp:featuredmedia":[{"embeddable":true,"href":"https:\/\/evotek.md\/ro\/wp-json\/wp\/v2\/media\/39545"}],"wp:attachment":[{"href":"https:\/\/evotek.md\/ro\/wp-json\/wp\/v2\/media?parent=39546"}],"curies":[{"name":"wp","href":"https:\/\/api.w.org\/{rel}","templated":true}]}}