{"id":39539,"date":"2023-12-05T07:33:16","date_gmt":"2023-12-05T07:33:16","guid":{"rendered":"https:\/\/evotek.md\/?post_type=product&#038;p=39539"},"modified":"2023-12-05T07:35:12","modified_gmt":"2023-12-05T07:35:12","slug":"st-321070","status":"publish","type":"product","link":"https:\/\/evotek.md\/ro\/produse\/accesorii-si-inventar-bucatarie\/spatula\/st-321070\/","title":{"rendered":"SPATULA PERFORATA 320 mm -ST-321070"},"content":{"rendered":"<p><strong>SPATULA PERFORATA 320 mm -ST-321070-<\/strong> Acesta este un instrument indispensabil at\u00e2t pentru buc\u0103t\u0103ria profesional\u0103, c\u00e2t \u0219i pentru cea de acas\u0103.<\/p>\n<p>Caracteristici<br \/>\nLungime: 320 mm<br \/>\nMaterial: o\u021bel inoxidabil<\/p>\n","protected":false},"excerpt":{"rendered":"<p>Spatul\u0103 perforat\u0103 320 mm. Material: o\u021bel inoxidabil.<\/p>\n","protected":false},"featured_media":39541,"template":"","meta":[],"_links":{"self":[{"href":"https:\/\/evotek.md\/ro\/wp-json\/wp\/v2\/product\/39539"}],"collection":[{"href":"https:\/\/evotek.md\/ro\/wp-json\/wp\/v2\/product"}],"about":[{"href":"https:\/\/evotek.md\/ro\/wp-json\/wp\/v2\/types\/product"}],"wp:featuredmedia":[{"embeddable":true,"href":"https:\/\/evotek.md\/ro\/wp-json\/wp\/v2\/media\/39541"}],"wp:attachment":[{"href":"https:\/\/evotek.md\/ro\/wp-json\/wp\/v2\/media?parent=39539"}],"curies":[{"name":"wp","href":"https:\/\/api.w.org\/{rel}","templated":true}]}}