{"id":39519,"date":"2023-12-04T16:12:36","date_gmt":"2023-12-04T16:12:36","guid":{"rendered":"https:\/\/evotek.md\/?post_type=product&#038;p=39519"},"modified":"2023-12-04T16:15:43","modified_gmt":"2023-12-04T16:15:43","slug":"schneider-177041","status":"publish","type":"product","link":"https:\/\/evotek.md\/ro\/produse\/accesorii-si-inventar-bucatarie\/inventar-pentru-servire-bucate\/schneider-177041\/","title":{"rendered":"LINGURA DE SERVIT 450 mm -SCHNEIDER-177041"},"content":{"rendered":"<p><strong>LINGURA DE SERVIT 450 mm -SCHNEIDER-177041<\/strong><br \/>\nLingura de servire este deosebit de puternic\u0103 \u0219i durabil\u0103 datorit\u0103 grosimii materialului de 3 mm.<\/p>\n<p>Caracteristici<br \/>\nMaterial: otel inoxidabil f\u0103r\u0103 sudur\u0103<br \/>\nGrosimea materialului: 3 mm<br \/>\nLungime: 450 mm<\/p>\n","protected":false},"excerpt":{"rendered":"<p>Lingur\u0103 de servit din o\u021bel inoxidabil, 450 mm.<\/p>\n","protected":false},"featured_media":39522,"template":"","meta":[],"_links":{"self":[{"href":"https:\/\/evotek.md\/ro\/wp-json\/wp\/v2\/product\/39519"}],"collection":[{"href":"https:\/\/evotek.md\/ro\/wp-json\/wp\/v2\/product"}],"about":[{"href":"https:\/\/evotek.md\/ro\/wp-json\/wp\/v2\/types\/product"}],"wp:featuredmedia":[{"embeddable":true,"href":"https:\/\/evotek.md\/ro\/wp-json\/wp\/v2\/media\/39522"}],"wp:attachment":[{"href":"https:\/\/evotek.md\/ro\/wp-json\/wp\/v2\/media?parent=39519"}],"curies":[{"name":"wp","href":"https:\/\/api.w.org\/{rel}","templated":true}]}}