{"id":39514,"date":"2023-12-04T16:02:08","date_gmt":"2023-12-04T16:02:08","guid":{"rendered":"https:\/\/evotek.md\/?post_type=product&#038;p=39514"},"modified":"2023-12-04T16:10:48","modified_gmt":"2023-12-04T16:10:48","slug":"schneider-172460","status":"publish","type":"product","link":"https:\/\/evotek.md\/ro\/produse\/accesorii-si-inventar-bucatarie\/spatula\/schneider-172460\/","title":{"rendered":"SPATULA PERFORATA DIN NAILON TERMOREZISTENTA -SCHNEIDER-172460"},"content":{"rendered":"<p><strong>SPATULA PERFORATA DIN NAILON TERMOREZISTENTA -SCHNEIDER-172460<\/strong>&#8211; Aceasta este o unealt\u0103 integral\u0103 at\u00e2t \u00een \u200b\u200bbuc\u0103t\u0103riile profesionale, c\u00e2t \u0219i \u00een cele de acas\u0103.<\/p>\n<p>Caracteristici<br \/>\nVersiune: spatula alimentara<br \/>\nDimensiuni: 31&#215;8,5 cm<br \/>\nRezistenta la caldura: pana la +200 C<\/p>\n","protected":false},"excerpt":{"rendered":"<p>Spatul\u0103 perforat\u0103 din nailon. Versiune: spatula alimentara; Dimensiuni: 31&#215;8,5 cm; Rezistenta la caldura: pana la +200 C.<\/p>\n","protected":false},"featured_media":39517,"template":"","meta":[],"_links":{"self":[{"href":"https:\/\/evotek.md\/ro\/wp-json\/wp\/v2\/product\/39514"}],"collection":[{"href":"https:\/\/evotek.md\/ro\/wp-json\/wp\/v2\/product"}],"about":[{"href":"https:\/\/evotek.md\/ro\/wp-json\/wp\/v2\/types\/product"}],"wp:featuredmedia":[{"embeddable":true,"href":"https:\/\/evotek.md\/ro\/wp-json\/wp\/v2\/media\/39517"}],"wp:attachment":[{"href":"https:\/\/evotek.md\/ro\/wp-json\/wp\/v2\/media?parent=39514"}],"curies":[{"name":"wp","href":"https:\/\/api.w.org\/{rel}","templated":true}]}}