{"id":3950,"date":"2020-03-05T08:58:46","date_gmt":"2020-03-05T08:58:46","guid":{"rendered":"https:\/\/evotek.md\/?post_type=product&#038;p=3950"},"modified":"2020-03-05T08:58:46","modified_gmt":"2020-03-05T08:58:46","slug":"aparat-pentru-inghetata-freezer-hkn-fic-50-sxl","status":"publish","type":"product","link":"https:\/\/evotek.md\/ro\/produse\/echipamente-frigorifice\/masina-producere-inghetata\/aparat-pentru-inghetata-freezer-hkn-fic-50-sxl\/","title":{"rendered":"APARAT PENTRU \u00ceNGHE\u021aAT\u0102 (FREEZER)-HKN-FIC 50 SXL"},"content":{"rendered":"<p><strong>APARAT PENTRU \u00ceNGHE\u021aAT\u0102 (FREEZER)-HKN-FIC 50S XL-<\/strong> Conceput pentru fabricarea rulourilor de \u00eenghe\u021bat\u0103. Aceast\u0103 tehnologie v\u0103 permite s\u0103 g\u0103ti\u021bi acest desert original, cu ad\u0103ugarea de diverse ingrediente, cum ar fi fructe, nuci \u0219i multe altele. Dispozitivul este o suprafa\u021b\u0103 \u00een form\u0103 p\u0103trat\u0103 r\u0103cit\u0103 la -20 \u00b0 C. Latura suprafe\u021bei p\u0103trate de lucru este de 50 cm. Modelul este echipat cu \u0219ase compartimente \u00eencorporate pentru ingrediente. Aparatul are dimensiuni de 750x1060x900 mm, ceea ce v\u0103 permite s\u0103 \u00eel instala\u021bi \u00eentr-un spa\u021biu limitat. Prin urmare, este perfect pentru locuri aglomerate, centre comerciale \u0219i terenuri de t\u00e2rg.<\/p>\n<p>Caracteristicil<\/p>\n<p>Brand Hurakan<\/p>\n<p>Dimensiuni: 750x1060x900 mm<\/p>\n<p>Putere: 2,4 kW<\/p>\n<p>Tensiune: 230 V<\/p>\n<p>Suprafa\u021b\u0103 de lucru p\u0103trat\u0103 de: 50 cm<\/p>\n<p>Temperatura suprafe\u021bei r\u0103cite: -20 \u00b0 C<\/p>\n<p>Greutate net\u0103: 68 kg<\/p>\n<p>&nbsp;<\/p>\n<p>&nbsp;<\/p>\n","protected":false},"excerpt":{"rendered":"<p>Aparat pentru \u00eenghe\u021bat\u0103 (Freezer). Dimensiuni: 750x1060x900 mm; Putere: 2,4 kW; Tensiune: 230 V; Suprafa\u021b\u0103 de lucru p\u0103trat\u0103 de: 50 cm; Temperatura suprafe\u021bei r\u0103cite: -20 \u00b0 C; Greutate net\u0103: 68 kg.<\/p>\n","protected":false},"featured_media":3949,"template":"","meta":[],"_links":{"self":[{"href":"https:\/\/evotek.md\/ro\/wp-json\/wp\/v2\/product\/3950"}],"collection":[{"href":"https:\/\/evotek.md\/ro\/wp-json\/wp\/v2\/product"}],"about":[{"href":"https:\/\/evotek.md\/ro\/wp-json\/wp\/v2\/types\/product"}],"wp:featuredmedia":[{"embeddable":true,"href":"https:\/\/evotek.md\/ro\/wp-json\/wp\/v2\/media\/3949"}],"wp:attachment":[{"href":"https:\/\/evotek.md\/ro\/wp-json\/wp\/v2\/media?parent=3950"}],"curies":[{"name":"wp","href":"https:\/\/api.w.org\/{rel}","templated":true}]}}