{"id":39495,"date":"2023-12-04T15:27:42","date_gmt":"2023-12-04T15:27:42","guid":{"rendered":"https:\/\/evotek.md\/?post_type=product&#038;p=39495"},"modified":"2023-12-04T15:28:07","modified_gmt":"2023-12-04T15:28:07","slug":"schneider-163160","status":"publish","type":"product","link":"https:\/\/evotek.md\/ro\/produse\/echipamente-pentru-bar-si-cafea\/accesorii-pentru-bar-2\/schneider-163160\/","title":{"rendered":"FORMA DIN INOX PENTRU COFETARIE \u00d8160 \u043c\u043c -SCHNEIDER-163160"},"content":{"rendered":"<p><strong>FORMA DIN INOX PENTRU COFETARIE \u00d8160 \u043c\u043c -SCHNEIDER-163160-<\/strong> Formele prntru patiserie v\u0103 permite s\u0103 forma\u021bi perfect aluat sau pr\u0103jituri rotunde. Fabricat din o\u021bel inoxidabil, datorit\u0103 c\u0103ruia este rezistent la deterior\u0103ri mecanice \u0219i u\u0219or de cur\u0103\u021bat.<\/p>\n<p>Caracteristici<br \/>\nDiametru: 160 mm<br \/>\nInaltime: 45 mm<br \/>\nModel: f\u0103r\u0103 jant\u0103 curbat\u0103<br \/>\nMaterial: otel inoxidabil<\/p>\n","protected":false},"excerpt":{"rendered":"<p>Form\u0103 din inox pentru cofer\u0103rie <strong>\u00d8<\/strong>160 \u043c\u043c. Inaltime: 45 mm; Model: f\u0103r\u0103 jant\u0103 curbat\u0103; Material: otel inoxidabil.<\/p>\n","protected":false},"featured_media":37258,"template":"","meta":[],"_links":{"self":[{"href":"https:\/\/evotek.md\/ro\/wp-json\/wp\/v2\/product\/39495"}],"collection":[{"href":"https:\/\/evotek.md\/ro\/wp-json\/wp\/v2\/product"}],"about":[{"href":"https:\/\/evotek.md\/ro\/wp-json\/wp\/v2\/types\/product"}],"wp:featuredmedia":[{"embeddable":true,"href":"https:\/\/evotek.md\/ro\/wp-json\/wp\/v2\/media\/37258"}],"wp:attachment":[{"href":"https:\/\/evotek.md\/ro\/wp-json\/wp\/v2\/media?parent=39495"}],"curies":[{"name":"wp","href":"https:\/\/api.w.org\/{rel}","templated":true}]}}