{"id":39483,"date":"2023-12-04T15:11:54","date_gmt":"2023-12-04T15:11:54","guid":{"rendered":"https:\/\/evotek.md\/?post_type=product&#038;p=39483"},"modified":"2023-12-04T15:18:46","modified_gmt":"2023-12-04T15:18:46","slug":"sita-pentru-faina-o220-mm-schneider-199212","status":"publish","type":"product","link":"https:\/\/evotek.md\/ro\/produse\/accesorii-si-inventar-bucatarie\/sita-din-inox\/sita-pentru-faina-o220-mm-schneider-199212\/","title":{"rendered":"SITA PENTRU FAINA \u00d8220 mm -SCHNEIDER-199212"},"content":{"rendered":"<p><strong>SITA PENTRU FAINA \u00d8220 mm -SCHNEIDER-199212-<\/strong> Sita pentru f\u0103in\u0103 este realizat\u0103 din o\u021bel inoxidabil, rezistent\u0103 la coroziune, la deterior\u0103ri mecanice \u0219i u\u0219or de cur\u0103\u021bat. Datorit\u0103 acestor caracteristici, sita este u\u0219or de cur\u0103\u021bat, ceea ce este foarte important \u00een contact direct cu alimentele.<\/p>\n<p>Caracteristici<br \/>\nDiametru: 220 mm<br \/>\nInaltime: 55 mm<br \/>\nL\u0103\u021bimea sitei: 0,84 mm<br \/>\nGrosimea materialului: 0,28 mm<br \/>\nPotrivit pentru: f\u0103in\u0103 macinata medie<br \/>\nMaterial: otel inoxidabil<\/p>\n<p>&nbsp;<\/p>\n","protected":false},"excerpt":{"rendered":"<div class=\"product-short-description\">\n<p>Sit\u0103 pentru f\u0103in\u0103. Diametru: 220 mm; Inaltime: 55 mm; L\u0103\u021bimea sitei: 0,84 mm; Grosimea materialului: 0,28 mm; Potrivit pentru: f\u0103in\u0103 macinata medie; Material: otel inoxidabil.<\/p>\n<\/div>\n","protected":false},"featured_media":39478,"template":"","meta":[],"_links":{"self":[{"href":"https:\/\/evotek.md\/ro\/wp-json\/wp\/v2\/product\/39483"}],"collection":[{"href":"https:\/\/evotek.md\/ro\/wp-json\/wp\/v2\/product"}],"about":[{"href":"https:\/\/evotek.md\/ro\/wp-json\/wp\/v2\/types\/product"}],"wp:featuredmedia":[{"embeddable":true,"href":"https:\/\/evotek.md\/ro\/wp-json\/wp\/v2\/media\/39478"}],"wp:attachment":[{"href":"https:\/\/evotek.md\/ro\/wp-json\/wp\/v2\/media?parent=39483"}],"curies":[{"name":"wp","href":"https:\/\/api.w.org\/{rel}","templated":true}]}}