{"id":39465,"date":"2023-12-04T14:53:21","date_gmt":"2023-12-04T14:53:21","guid":{"rendered":"https:\/\/evotek.md\/?post_type=product&#038;p=39465"},"modified":"2023-12-04T14:55:20","modified_gmt":"2023-12-04T14:55:20","slug":"schneider-200013","status":"publish","type":"product","link":"https:\/\/evotek.md\/ro\/produse\/accesorii-si-inventar-bucatarie\/cani-gradate\/schneider-200013\/","title":{"rendered":"CANA GRADATA DIN POLIPROPILENA, 2 LITRI -SCHNEIDER-200013"},"content":{"rendered":"<p><span style=\"font-size: 14.4px\"><strong>CANA GRADATA DIN POLIPROPILENA, 2 LITRI -SCHNEIDER-200013-<\/strong> O cea\u0219c\u0103 de m\u0103surat \u00een form\u0103 de ulcior este indispensabil\u0103 \u00een orice buc\u0103t\u0103rie, at\u00e2t profesional\u0103, c\u00e2t \u0219i acas\u0103. Ofer\u0103 m\u0103surarea precis\u0103 a diferitelor tipuri de produse. <\/span>Vasul este fabricat din polipropilen\u0103. Acest material este foarte rezistent la deterior\u0103ri mecanice, u\u0219or de p\u0103strat curat \u0219i potrivit pentru contactul direct cu alimentele.<br \/>\nO scar\u0103 clar\u0103 face foarte u\u0219or de m\u0103surat cantitatea necesar\u0103 de produse.<\/p>\n<p>Caracteristici<br \/>\nMaterial de executie: plastic<br \/>\nCapacitate: 2 l<\/p>\n","protected":false},"excerpt":{"rendered":"<p>Cana cu dozare din plastic 2 litri.<\/p>\n","protected":false},"featured_media":39463,"template":"","meta":[],"_links":{"self":[{"href":"https:\/\/evotek.md\/ro\/wp-json\/wp\/v2\/product\/39465"}],"collection":[{"href":"https:\/\/evotek.md\/ro\/wp-json\/wp\/v2\/product"}],"about":[{"href":"https:\/\/evotek.md\/ro\/wp-json\/wp\/v2\/types\/product"}],"wp:featuredmedia":[{"embeddable":true,"href":"https:\/\/evotek.md\/ro\/wp-json\/wp\/v2\/media\/39463"}],"wp:attachment":[{"href":"https:\/\/evotek.md\/ro\/wp-json\/wp\/v2\/media?parent=39465"}],"curies":[{"name":"wp","href":"https:\/\/api.w.org\/{rel}","templated":true}]}}