{"id":39455,"date":"2023-12-04T12:30:16","date_gmt":"2023-12-04T12:30:16","guid":{"rendered":"https:\/\/evotek.md\/?post_type=product&#038;p=39455"},"modified":"2023-12-04T13:01:28","modified_gmt":"2023-12-04T13:01:28","slug":"schneider-180310","status":"publish","type":"product","link":"https:\/\/evotek.md\/ro\/produse\/accesorii-si-inventar-bucatarie\/accesorii-pentru-bar\/schneider-180310\/","title":{"rendered":"LOPATICA DIN ALUMINIU PENTRU FAINA 350 ml -SCHNEIDER-180310"},"content":{"rendered":"<p><strong>LOPATICA DIN ALUMINIU PENTRU FAINA 350 ml -SCHNEIDER-180310-<\/strong> Lopatica v\u0103 permite s\u0103 luati \u00een mod convenabil diverse produse, majoritatea cu curgere liber\u0103, precum faina, ghea\u021ba, cafea, ceai sau condimentele.<\/p>\n<p>Caracteristici<br \/>\nLungime: 255 mm<br \/>\nVolum: 330 gr, 350 ml<br \/>\nMaterial: aluminiu<\/p>\n","protected":false},"excerpt":{"rendered":"<p>Lop\u0103\u021bic\u0103 din inox cu o capacitate de 350 ml, 330 gr. Lungime: 255 mm; Material: aluminiu.<\/p>\n","protected":false},"featured_media":39457,"template":"","meta":[],"_links":{"self":[{"href":"https:\/\/evotek.md\/ro\/wp-json\/wp\/v2\/product\/39455"}],"collection":[{"href":"https:\/\/evotek.md\/ro\/wp-json\/wp\/v2\/product"}],"about":[{"href":"https:\/\/evotek.md\/ro\/wp-json\/wp\/v2\/types\/product"}],"wp:featuredmedia":[{"embeddable":true,"href":"https:\/\/evotek.md\/ro\/wp-json\/wp\/v2\/media\/39457"}],"wp:attachment":[{"href":"https:\/\/evotek.md\/ro\/wp-json\/wp\/v2\/media?parent=39455"}],"curies":[{"name":"wp","href":"https:\/\/api.w.org\/{rel}","templated":true}]}}