{"id":39439,"date":"2023-12-04T12:09:06","date_gmt":"2023-12-04T12:09:06","guid":{"rendered":"https:\/\/evotek.md\/?post_type=product&#038;p=39439"},"modified":"2023-12-04T12:09:58","modified_gmt":"2023-12-04T12:09:58","slug":"201906","status":"publish","type":"product","link":"https:\/\/evotek.md\/ro\/produse\/fara-categorie\/201906\/","title":{"rendered":"INSERTII DIN BUMBAC PENTRU COSURI OVALE DE DOSPIRE 420&#215;140 mm -SCHNEIDER-201906"},"content":{"rendered":"<p><strong>INSERTII DIN BUMBAC PENTRU COSURI OVALE DE DOSPIRE 420&#215;140 mm -SCHNEIDER-201906<\/strong><\/p>\n<p>Caracteristici<br \/>\nLungime: 420 mm<br \/>\nLatime: 140 mm<br \/>\nMaterial: bumbac 95%, elastomer 5%<br \/>\nPoate fi sp\u0103lat la temperaturi de p\u00e2n\u0103 la 40\u00b0C cu detergent obi\u0219nuit, f\u0103r\u0103 balsam sau \u00een\u0103lbitor.<\/p>\n","protected":false},"excerpt":{"rendered":"<p>Insetii din bumbac pentru cosuri de dospire. Lungime: 420 mm; Latime: 140 mm; Material: bumbac 95%, elastomer 5%; Poate fi sp\u0103lat la temperaturi de p\u00e2n\u0103 la 40\u00b0C cu detergent obi\u0219nuit, f\u0103r\u0103 balsam sau \u00een\u0103lbitor.<\/p>\n","protected":false},"featured_media":39434,"template":"","meta":[],"_links":{"self":[{"href":"https:\/\/evotek.md\/ro\/wp-json\/wp\/v2\/product\/39439"}],"collection":[{"href":"https:\/\/evotek.md\/ro\/wp-json\/wp\/v2\/product"}],"about":[{"href":"https:\/\/evotek.md\/ro\/wp-json\/wp\/v2\/types\/product"}],"wp:featuredmedia":[{"embeddable":true,"href":"https:\/\/evotek.md\/ro\/wp-json\/wp\/v2\/media\/39434"}],"wp:attachment":[{"href":"https:\/\/evotek.md\/ro\/wp-json\/wp\/v2\/media?parent=39439"}],"curies":[{"name":"wp","href":"https:\/\/api.w.org\/{rel}","templated":true}]}}