{"id":39432,"date":"2023-12-04T11:57:54","date_gmt":"2023-12-04T11:57:55","guid":{"rendered":"https:\/\/evotek.md\/?post_type=product&#038;p=39432"},"modified":"2023-12-04T12:01:25","modified_gmt":"2023-12-04T12:01:25","slug":"201904","status":"publish","type":"product","link":"https:\/\/evotek.md\/ro\/produse\/fara-categorie\/201904\/","title":{"rendered":"INSERTII DIN BUMBAC PENTRU COSURI OVALE DE DOSPIRE 270&#215;120 mm -SCHNEIDER-201904"},"content":{"rendered":"<p><strong>INSERTII DIN BUMBAC PENTRU COSURI OVALE DE DOSPIRE 270&#215;120 mm -SCHNEIDER-201904<\/strong><\/p>\n<p>Caracteristici<br \/>\nLungime: 270 mm<br \/>\nLatime: 120 mm<br \/>\nMaterial: bumbac 95%, elastomer 5%<br \/>\nPoate fi sp\u0103lat la temperaturi de p\u00e2n\u0103 la 40\u00b0C cu detergent obi\u0219nuit, f\u0103r\u0103 balsam sau \u00een\u0103lbitor.<\/p>\n","protected":false},"excerpt":{"rendered":"<p>Insetii din bumbac pentru cosuri de dospire. Lungime: 270 mm; Latime: 120 mm; Material: bumbac 95%, elastomer 5%; Poate fi sp\u0103lat la temperaturi de p\u00e2n\u0103 la 40\u00b0C cu detergent obi\u0219nuit, f\u0103r\u0103 balsam sau \u00een\u0103lbitor.<\/p>\n","protected":false},"featured_media":39434,"template":"","meta":[],"_links":{"self":[{"href":"https:\/\/evotek.md\/ro\/wp-json\/wp\/v2\/product\/39432"}],"collection":[{"href":"https:\/\/evotek.md\/ro\/wp-json\/wp\/v2\/product"}],"about":[{"href":"https:\/\/evotek.md\/ro\/wp-json\/wp\/v2\/types\/product"}],"wp:featuredmedia":[{"embeddable":true,"href":"https:\/\/evotek.md\/ro\/wp-json\/wp\/v2\/media\/39434"}],"wp:attachment":[{"href":"https:\/\/evotek.md\/ro\/wp-json\/wp\/v2\/media?parent=39432"}],"curies":[{"name":"wp","href":"https:\/\/api.w.org\/{rel}","templated":true}]}}