{"id":39428,"date":"2023-12-04T11:54:57","date_gmt":"2023-12-04T11:54:57","guid":{"rendered":"https:\/\/evotek.md\/?post_type=product&#038;p=39428"},"modified":"2023-12-04T12:02:27","modified_gmt":"2023-12-04T12:02:27","slug":"201902","status":"publish","type":"product","link":"https:\/\/evotek.md\/ro\/produse\/fara-categorie\/201902\/","title":{"rendered":"INSERTII DIN BUMBAC PENTRU COSURI ROTUNDE DE DOSPIRE \u00d8220 mm -SCHNEIDER-201902"},"content":{"rendered":"<p><strong>INSERTII DIN BUMBAC PENTRU COSURI ROTUNDE DE DOSPIRE \u00d8220 mm -SCHNEIDER-201902<\/strong><\/p>\n<p>Caracteristici<br \/>\nDiametru: 220 mm<br \/>\nMaterial: bumbac 95%, elastomer 5%<br \/>\nPoate fi sp\u0103lat la temperaturi de p\u00e2n\u0103 la 40\u00b0C cu detergent obi\u0219nuit, f\u0103r\u0103 balsam sau \u00een\u0103lbitor.<\/p>\n","protected":false},"excerpt":{"rendered":"<p>Insetii din bumbac pentru cosuri de dospire. Diametru: 220 mm.<\/p>\n","protected":false},"featured_media":39425,"template":"","meta":[],"_links":{"self":[{"href":"https:\/\/evotek.md\/ro\/wp-json\/wp\/v2\/product\/39428"}],"collection":[{"href":"https:\/\/evotek.md\/ro\/wp-json\/wp\/v2\/product"}],"about":[{"href":"https:\/\/evotek.md\/ro\/wp-json\/wp\/v2\/types\/product"}],"wp:featuredmedia":[{"embeddable":true,"href":"https:\/\/evotek.md\/ro\/wp-json\/wp\/v2\/media\/39425"}],"wp:attachment":[{"href":"https:\/\/evotek.md\/ro\/wp-json\/wp\/v2\/media?parent=39428"}],"curies":[{"name":"wp","href":"https:\/\/api.w.org\/{rel}","templated":true}]}}