{"id":3941,"date":"2020-03-05T08:27:36","date_gmt":"2020-03-05T08:27:36","guid":{"rendered":"https:\/\/evotek.md\/?post_type=product&#038;p=3941"},"modified":"2020-03-05T08:39:53","modified_gmt":"2020-03-05T08:39:53","slug":"aparat-pentru-inghetata-freezer-hkn-fic50","status":"publish","type":"product","link":"https:\/\/evotek.md\/ro\/produse\/echipamente-frigorifice\/masina-producere-inghetata\/aparat-pentru-inghetata-freezer-hkn-fic50\/","title":{"rendered":"APARAT PENTRU \u00ceNGHE\u021aAT\u0102 (FREEZER)-HKN-FIC50"},"content":{"rendered":"<p><strong>APARAT PENTRU \u00ceNGHE\u021aAT\u0102 (FREEZER)-<\/strong><strong>HKN-FIC50<\/strong><strong>&#8211;<\/strong> Conceput pentru fabricarea rulourilor de \u00eenghe\u021bat\u0103. Aceast\u0103 tehnologie v\u0103 permite s\u0103 g\u0103ti\u021bi un desert original, cu ad\u0103ugarea de diverse ingrediente, cum ar fi fructe, nuci \u0219i multe altele. Dispozitivul are o suprafa\u021b\u0103 rotund\u0103 de r\u0103cire la -20 \u00b0 C, cu diametrul de 50 cm. Aparatul are dimensiuni de 650x650x880 mm, ceea ce \u00eei permite s\u0103 fie instalat \u00eentr-un spa\u021biu limitat. Prin urmare, este perfect pentru locuri aglomerate, centre comerciale \u0219i terenuri de t\u00e2rg.<\/p>\n<p>Caracteristici<\/p>\n<p>Brand Hurakan<\/p>\n<p>Dimensiuni: 650x650x880 mm<\/p>\n<p>Putere: 2.2 kW<\/p>\n<p>Tensiune: 230 V<\/p>\n<p>Diametrul suprafe\u021bei: 50 cm<\/p>\n<p>Temperatura suprafe\u021bei r\u0103cite: -20 \u00b0 C<\/p>\n<p>Suprafata de lucru rotund\u0103<\/p>\n<p>Greutate net\u0103: 48 kg<\/p>\n<p>&nbsp;<\/p>\n","protected":false},"excerpt":{"rendered":"<p>Aparat pentru \u00eenghe\u021bat\u0103 (Freezer). Dimensiuni: 650x650x880 mm; Putere: 2.2 kW; Tensiune: 230 V; Diametrul suprafe\u021bei: 50 cm; Temperatura suprafe\u021bei r\u0103cite: -20 \u00b0 C; Suprafata de lucru rotund\u0103; Greutate net\u0103: 48 kg.<\/p>\n","protected":false},"featured_media":3940,"template":"","meta":[],"_links":{"self":[{"href":"https:\/\/evotek.md\/ro\/wp-json\/wp\/v2\/product\/3941"}],"collection":[{"href":"https:\/\/evotek.md\/ro\/wp-json\/wp\/v2\/product"}],"about":[{"href":"https:\/\/evotek.md\/ro\/wp-json\/wp\/v2\/types\/product"}],"wp:featuredmedia":[{"embeddable":true,"href":"https:\/\/evotek.md\/ro\/wp-json\/wp\/v2\/media\/3940"}],"wp:attachment":[{"href":"https:\/\/evotek.md\/ro\/wp-json\/wp\/v2\/media?parent=3941"}],"curies":[{"name":"wp","href":"https:\/\/api.w.org\/{rel}","templated":true}]}}