{"id":39400,"date":"2023-12-04T10:41:29","date_gmt":"2023-12-04T10:43:17","guid":{"rendered":"https:\/\/evotek.md\/?post_type=product&#038;p=39400"},"modified":"2023-12-04T10:45:25","modified_gmt":"2023-12-04T10:45:25","slug":"cuit-din-inox-pentru-aluat-5-roti-netede-5-zimtate-schneider-153300","status":"publish","type":"product","link":"https:\/\/evotek.md\/ro\/produse\/fara-categorie\/cuit-din-inox-pentru-aluat-5-roti-netede-5-zimtate-schneider-153300\/","title":{"rendered":"CUIT DIN INOX PENTRU ALUAT, 5 ROTI NETEDE, 5 ZIMTATE -SCHNEIDER-153300"},"content":{"rendered":"<p><strong>CUIT DIN INOX PENTRU ALUAT, 5 ROTI NETEDE, 5 ZIMTATE -SCHNEIDER-153300<\/strong><\/p>\n<p>Caracteristici<br \/>\nMaterial: otel inoxidabil<br \/>\nL\u0103\u021bimea de t\u0103iere este reglabil\u0103: p\u00e2n\u0103 la 125 mm.<br \/>\nDiametrul ro\u021bii: 55 mm<br \/>\nNeted \u0219i zim\u021bat<br \/>\nDimensiuni (LxPxA): 60x310x70 mm<\/p>\n","protected":false},"excerpt":{"rendered":"<p>Cutit din inox pentru aluat, 5 roti netede, 5 zimtate. Material: otel inoxidabil; L\u0103\u021bimea de t\u0103iere este reglabil\u0103: p\u00e2n\u0103 la 125 mm; Diametrul ro\u021bii: 55 mm; Neted \u0219i zim\u021bat; Dimensiuni (LxPxA): 60x310x70 mm.<\/p>\n","protected":false},"featured_media":39402,"template":"","meta":[],"_links":{"self":[{"href":"https:\/\/evotek.md\/ro\/wp-json\/wp\/v2\/product\/39400"}],"collection":[{"href":"https:\/\/evotek.md\/ro\/wp-json\/wp\/v2\/product"}],"about":[{"href":"https:\/\/evotek.md\/ro\/wp-json\/wp\/v2\/types\/product"}],"wp:featuredmedia":[{"embeddable":true,"href":"https:\/\/evotek.md\/ro\/wp-json\/wp\/v2\/media\/39402"}],"wp:attachment":[{"href":"https:\/\/evotek.md\/ro\/wp-json\/wp\/v2\/media?parent=39400"}],"curies":[{"name":"wp","href":"https:\/\/api.w.org\/{rel}","templated":true}]}}