{"id":39397,"date":"2023-12-04T10:28:38","date_gmt":"2023-12-04T10:31:54","guid":{"rendered":"https:\/\/evotek.md\/?post_type=product&#038;p=39397"},"modified":"2025-06-12T07:05:18","modified_gmt":"2025-06-12T07:05:18","slug":"schneider-266960","status":"publish","type":"product","link":"https:\/\/evotek.md\/ro\/produse\/fara-categorie\/schneider-266960\/","title":{"rendered":"SPRAY ANTIADERENT PENTRU SUPRAFETE DE COPT 500 ml -SCHNEIDER-266960"},"content":{"rendered":"<p><strong>SPRAY ANTIADERENT PENTRU SUPRAFETE DE COPT 500 ml -SCHNEIDER-266960<\/strong><\/p>\n<p>Caracteristici<br \/>\nSpray de eliberare ideal pentru brut\u0103rii, cofet\u0103rii, buc\u0103t\u0103rii de hoteluri \u0219i restaurante<br \/>\nPrevine lipirea produselor de copt de tig\u0103i\/tavi<br \/>\n100% sigur pentru consum \u0219i nu schimb\u0103 gustul<br \/>\nIngrediente: Uleiuri vegetale; ceara de carnauba; Emulgator: lecitin\u0103 de floarea soarelui<br \/>\nPropulsor: propan\/butan<br \/>\nNumai pentru uz profesional<br \/>\nInterzis pentru transportul aerian<br \/>\nVolum: 500 ml<\/p>\n","protected":false},"excerpt":{"rendered":"<p>Spray antiaderent pentru suprafete de copt. Spray de eliberare ideal pentru brut\u0103rii, cofet\u0103rii, buc\u0103t\u0103rii de hoteluri \u0219i restaurante; Previne lipirea produselor de copt de tig\u0103i\/tavi; 100% sigur pentru consum \u0219i nu schimb\u0103 gustul; Ingrediente: Uleiuri vegetale; ceara de carnauba; Emulgator: lecitin\u0103 de floarea soarelui; Propulsor: propan\/butan; Numai pentru uz profesional; Interzis pentru transportul aerian; Volum: 500 ml.<\/p>\n","protected":false},"featured_media":39396,"template":"","meta":[],"_links":{"self":[{"href":"https:\/\/evotek.md\/ro\/wp-json\/wp\/v2\/product\/39397"}],"collection":[{"href":"https:\/\/evotek.md\/ro\/wp-json\/wp\/v2\/product"}],"about":[{"href":"https:\/\/evotek.md\/ro\/wp-json\/wp\/v2\/types\/product"}],"wp:featuredmedia":[{"embeddable":true,"href":"https:\/\/evotek.md\/ro\/wp-json\/wp\/v2\/media\/39396"}],"wp:attachment":[{"href":"https:\/\/evotek.md\/ro\/wp-json\/wp\/v2\/media?parent=39397"}],"curies":[{"name":"wp","href":"https:\/\/api.w.org\/{rel}","templated":true}]}}