{"id":39386,"date":"2023-12-04T09:19:20","date_gmt":"2023-12-04T09:20:23","guid":{"rendered":"https:\/\/evotek.md\/?post_type=product&#038;p=39386"},"modified":"2023-12-04T09:20:23","modified_gmt":"2023-12-04T09:20:23","slug":"covoras-din-silicon-pentru-macarons-schneider-107784","status":"publish","type":"product","link":"https:\/\/evotek.md\/ro\/produse\/fara-categorie\/covoras-din-silicon-pentru-macarons-schneider-107784\/","title":{"rendered":"COVORAS DIN SILICON PENTRU MACARONS -SCHNEIDER-107784"},"content":{"rendered":"<p>COVORAS DIN SILICON PENTRU MACARONS -SCHNEIDER-107784<\/p>\n<p>Fabricat din p\u00e2nz\u0103 de sticl\u0103 siliconat\u0103, de calitate foarte durabil\u0103, poate fi folosit la temperaturi de la -40\u00b0C p\u00e2n\u0103 la +300\u00b0C, calitate excelent\u0103 antiaderent\u0103, recomandat pentru utilizare \u00een combina\u021bie cu t\u0103vi perforate de copt dimensiunea D 35mm.<\/p>\n<p>Caracteristici<br \/>\nUtilizare la temperaturi: -40 \u00b0C p\u00e2n\u0103 la +300 \u00b0C<br \/>\nRecomandat pentru utilizare \u00een combina\u021bie cu t\u0103vi de copt perforate dimensiune: D 35 mm<br \/>\nLungime: 400 mm<br \/>\nLatime: 300 mm.<\/p>\n","protected":false},"excerpt":{"rendered":"<p>Covoras din silicon pentru macarons. Utilizare la temperaturi: -40 \u00b0C p\u00e2n\u0103 la +300 \u00b0C; Recomandat pentru utilizare \u00een combina\u021bie cu t\u0103vi de copt perforate dimensiune: D 35 mm; Lungime: 400 mm; Latime: 300 mm.<\/p>\n","protected":false},"featured_media":39385,"template":"","meta":[],"_links":{"self":[{"href":"https:\/\/evotek.md\/ro\/wp-json\/wp\/v2\/product\/39386"}],"collection":[{"href":"https:\/\/evotek.md\/ro\/wp-json\/wp\/v2\/product"}],"about":[{"href":"https:\/\/evotek.md\/ro\/wp-json\/wp\/v2\/types\/product"}],"wp:featuredmedia":[{"embeddable":true,"href":"https:\/\/evotek.md\/ro\/wp-json\/wp\/v2\/media\/39385"}],"wp:attachment":[{"href":"https:\/\/evotek.md\/ro\/wp-json\/wp\/v2\/media?parent=39386"}],"curies":[{"name":"wp","href":"https:\/\/api.w.org\/{rel}","templated":true}]}}