{"id":39371,"date":"2023-12-01T16:06:07","date_gmt":"2023-12-01T16:07:22","guid":{"rendered":"https:\/\/evotek.md\/?post_type=product&#038;p=39371"},"modified":"2023-12-01T16:07:48","modified_gmt":"2023-12-01T16:07:48","slug":"mandolina-cu-duze-st-336003","status":"publish","type":"product","link":"https:\/\/evotek.md\/ro\/produse\/fara-categorie\/mandolina-cu-duze-st-336003\/","title":{"rendered":"MANDOLINA DIN INOX -ST-336003"},"content":{"rendered":"<p><strong>MANDOLINA DIN INOX -ST-336003-<\/strong> Taietorul de legume Mandolina este un echipament profesional de bucatarie pentru restaurante.<br \/>\nEste instrumentul ideal pentru felierea rapid\u0103 a feliilor uniforme, permi\u021b\u00e2ndu-v\u0103 s\u0103 realiza\u021bi t\u0103ieturi perfecte, variate, care nu pot fi realizate cu un cu\u021bit.<br \/>\nLamele sunt extrem de subtiri pentru taierea legumelor sau cartofilor, taiate in caneluri sau batoane, in fasii, ondulate, ceea ce face si mai atractiva prezentarea preparatului.<\/p>\n<p>Caracteristici<br \/>\nMaterial: realizat din o\u021bel inoxidabil de \u00eenalt\u0103 calitate<br \/>\nPoate fi spalat in masina de spalat vase<br \/>\nCapacitate de t\u0103iere: felii de la 0,5 la 0,9 mm, felii julienne 4,5&#215;4,5 mm \u0219i 9&#215;9 mm.<br \/>\nDimensiune: 400x170x135 mm<\/p>\n","protected":false},"excerpt":{"rendered":"<p>Mandolina cu duze. Material: realizat din o\u021bel inoxidabil de \u00eenalt\u0103 calitate; Poate fi spalat in masina de spalat vase; Capacitate de t\u0103iere: felii de la 0,5 la 0,9 mm, felii julienne 4,5&#215;4,5 mm \u0219i 9&#215;9 mm; Dimensiune: 400x170x135 mm.<\/p>\n","protected":false},"featured_media":39370,"template":"","meta":[],"_links":{"self":[{"href":"https:\/\/evotek.md\/ro\/wp-json\/wp\/v2\/product\/39371"}],"collection":[{"href":"https:\/\/evotek.md\/ro\/wp-json\/wp\/v2\/product"}],"about":[{"href":"https:\/\/evotek.md\/ro\/wp-json\/wp\/v2\/types\/product"}],"wp:featuredmedia":[{"embeddable":true,"href":"https:\/\/evotek.md\/ro\/wp-json\/wp\/v2\/media\/39370"}],"wp:attachment":[{"href":"https:\/\/evotek.md\/ro\/wp-json\/wp\/v2\/media?parent=39371"}],"curies":[{"name":"wp","href":"https:\/\/api.w.org\/{rel}","templated":true}]}}