{"id":39333,"date":"2023-11-30T14:53:27","date_gmt":"2023-11-30T14:53:27","guid":{"rendered":"https:\/\/evotek.md\/?post_type=product&#038;p=39333"},"modified":"2023-11-30T14:55:33","modified_gmt":"2023-11-30T14:55:33","slug":"km-fz","status":"publish","type":"product","link":"https:\/\/evotek.md\/ro\/produse\/mobila-din-inox\/mobila-de-bucatarie-din-inox\/km-fz\/","title":{"rendered":"PERETE DE LUCRU DIN INOX -KM-FZ"},"content":{"rendered":"<p><strong>PERETE DE LUCRU DIN INOX\u00a0 -KM-FZ<\/strong><\/p>\n<p>Peretele este un element decorativ, \u00een lipsa pl\u0103cilor sau a altor elemente decorative.<br \/>\nModulul de bucatarie este realizat din otel inoxidabil si este un element al mobilierului de bucatarie.<br \/>\nLa cerere, este posibil\u0103 fabricarea modulului ca element separat.<br \/>\nLa comandarea unui modul, este inclus un blat din o\u021bel inoxidabil.<br \/>\nBlatul din o\u021bel inoxidabil poate g\u0103zdui at\u00e2t preparate reci, c\u00e2t \u0219i calde.<br \/>\nModelele de bucatarii pe care le oferim sunt ideale atat pentru spatii mici cat si pentru cafenele, baruri si restaurante.<br \/>\nMobilierul din o\u021bel inoxidabil \u00eendepline\u0219te toate standardele sanitare.<br \/>\nBuc\u0103t\u0103ria are un design modular, permi\u021b\u00e2ndu-v\u0103 s\u0103 alege\u021bi cea mai bun\u0103 op\u021biune pentru configura\u021bia sa.<br \/>\nFabricarea mobilierului din o\u021bel inoxidabil conform dimensiunilor individuale ale clientului.<\/p>\n<p>Caracteristici<br \/>\nMaterial: otel inoxidabil<br \/>\nLungime: 450-2400 mm<br \/>\nInaltime: 500 mm<\/p>\n","protected":false},"excerpt":{"rendered":"<p>Perete de lucru din inox. Lungime: 450-2400 mm; Inaltime: 500 mm.<\/p>\n","protected":false},"featured_media":39336,"template":"","meta":[],"_links":{"self":[{"href":"https:\/\/evotek.md\/ro\/wp-json\/wp\/v2\/product\/39333"}],"collection":[{"href":"https:\/\/evotek.md\/ro\/wp-json\/wp\/v2\/product"}],"about":[{"href":"https:\/\/evotek.md\/ro\/wp-json\/wp\/v2\/types\/product"}],"wp:featuredmedia":[{"embeddable":true,"href":"https:\/\/evotek.md\/ro\/wp-json\/wp\/v2\/media\/39336"}],"wp:attachment":[{"href":"https:\/\/evotek.md\/ro\/wp-json\/wp\/v2\/media?parent=39333"}],"curies":[{"name":"wp","href":"https:\/\/api.w.org\/{rel}","templated":true}]}}