{"id":39248,"date":"2023-11-29T12:51:09","date_gmt":"2023-11-29T12:51:09","guid":{"rendered":"https:\/\/evotek.md\/?post_type=product&#038;p=39248"},"modified":"2023-11-29T12:59:42","modified_gmt":"2023-11-29T12:59:42","slug":"congelator-cu-soc-termic-15-nivele-mec-bk151164","status":"publish","type":"product","link":"https:\/\/evotek.md\/ro\/produse\/fara-categorie\/congelator-cu-soc-termic-15-nivele-mec-bk151164\/","title":{"rendered":"CONGELATOR CU SOC TERMIC 15 NIVELE -MEC-BK151164"},"content":{"rendered":"<p><strong>CONGELATOR CU SOC TERMIC 15 NIVELE -MEC-BK151164-<\/strong> Congelator cu soc termic, dimensiune 15 x GN1\/1 sau 600&#215;400 mm.<\/p>\n<p>O\u021bel inoxidabil la interior \u0219i la exterior.<br \/>\nInterval de r\u0103cire pozitiv \u0219i negativ.<br \/>\nAgent frigorific: R 452A cu izola\u021bie din poliuretan, f\u0103r\u0103 CFK \u0219i HCFC.<br \/>\nMen\u021binerea temperaturii dup\u0103 \u0219oc.<br \/>\nSenzor de temperatura din otel inoxidabil.<br \/>\nUnitate de control electronic simpl\u0103.<br \/>\nM\u00e2ner longitudinal incadrat.<br \/>\nMicro\u00eentrerup\u0103tor cu senzor de deschidere.<br \/>\nSigiliu magnetic de inchidere.<br \/>\nDezghe\u021bare automat\u0103.<br \/>\nGhidajele deta\u0219abile pentru t\u0103vi.<\/p>\n<p>Caracteristici<br \/>\nCapacitate: 15 tavi GN 1\/1 sau 600&#215;400 mm<br \/>\nCapacitate de r\u0103cire pe ciclu: 60 kg p\u00e2n\u0103 la +90\u00b0C \/ +3\u00b0C \u00een 90 de minute<br \/>\nCapacitate de congelare pe ciclu: 40 kg p\u00e2n\u0103 la +90\u00b0C \/ -18\u00b0C pentru 240<br \/>\nGreutate: 160 kg<br \/>\nPutere: 3512 kW\/400 V<br \/>\nDimensiune: 790x760x1945 mm<\/p>\n","protected":false},"excerpt":{"rendered":"<p>Congelator cu soc termic, 15 nivele. Capacitate: 15 tavi GN 1\/1 sau 600&#215;400 mm; Capacitate de r\u0103cire pe ciclu: 60 kg p\u00e2n\u0103 la +90\u00b0C \/ +3\u00b0C \u00een 90 de minute; Capacitate de congelare pe ciclu: 40 kg p\u00e2n\u0103 la +90\u00b0C \/ -18\u00b0C pentru 240; Greutate: 160 kg; Putere: 3512 kW\/400 V; Dimensiune: 790x760x1945 mm.<\/p>\n","protected":false},"featured_media":39251,"template":"","meta":[],"_links":{"self":[{"href":"https:\/\/evotek.md\/ro\/wp-json\/wp\/v2\/product\/39248"}],"collection":[{"href":"https:\/\/evotek.md\/ro\/wp-json\/wp\/v2\/product"}],"about":[{"href":"https:\/\/evotek.md\/ro\/wp-json\/wp\/v2\/types\/product"}],"wp:featuredmedia":[{"embeddable":true,"href":"https:\/\/evotek.md\/ro\/wp-json\/wp\/v2\/media\/39251"}],"wp:attachment":[{"href":"https:\/\/evotek.md\/ro\/wp-json\/wp\/v2\/media?parent=39248"}],"curies":[{"name":"wp","href":"https:\/\/api.w.org\/{rel}","templated":true}]}}