{"id":39243,"date":"2023-11-29T09:49:40","date_gmt":"2023-11-29T09:57:42","guid":{"rendered":"https:\/\/evotek.md\/?post_type=product&#038;p=39243"},"modified":"2023-11-29T09:57:42","modified_gmt":"2023-11-29T09:57:42","slug":"abm-star-b","status":"publish","type":"product","link":"https:\/\/evotek.md\/ro\/produse\/fara-categorie\/abm-star-b\/","title":{"rendered":"DISPOZITIV DE DOZARE AUTOMATA -ABM-STAR B"},"content":{"rendered":"<p><strong>DISPOZITIV DE DOZARE AUTOMATA -ABM-STAR B<\/strong>&#8211; O ma\u0219in\u0103 versatil\u0103 conceput\u0103 pentru patiserii mici, cu o produc\u021bie medie de 2 t\u0103vi pe minut.<\/p>\n<p>Cadru robust din tije de aluminiu acoperite cu tabla de otel inoxidabil.<br \/>\nEcran tactil color<br \/>\nRole de dozare de mare vitez\u0103 din o\u021bel inoxidabil<br \/>\nCap de dozare din aluminiu anodizat cu sistem de schimbare rapid\u0103 a \u0219ablonului<br \/>\n\u00cenregistrare manual\u0103 a \u00een\u0103l\u021bimii<br \/>\nEchipament pe c\u0103rucior cu 2 ro\u021bi de blocare<br \/>\nEcran tactil al ma\u0219inii, PLC \u0219i invertor<br \/>\nMotoare &#8211; Siemens, Minimotor<\/p>\n<p><strong>Caracteristici<\/strong><br \/>\n200 de programe stocate \u00een PLC<br \/>\nLatime tava: 400\/460 mm<br \/>\nNivel de zgomot: &gt;70 dB(A)<br \/>\nGreutate: 200 kg<br \/>\nPutere: 0,98 kW<br \/>\nTensiune: 230&#215;2<br \/>\nDimensiuni cu ambalaj: 100x105x155 cm.<\/p>\n<p><strong>Include accesorii standard<\/strong><br \/>\nCap de dozare cu role cu bunc\u0103r<br \/>\n\u0218ablon de dozare fix 400 mm l\u0103\u021bime \u0219i 6<br \/>\nl\u0103\u021bimea r\u00e2ndului<br \/>\nSet de 6 piese duze netede din o\u021bel inoxidabil \u00d810<br \/>\nmm<br \/>\nSet de 6 piese duze ondulate din o\u021bel inoxidabil \u00d810 mm<br \/>\nSet de instrumente de \u00eentre\u021binere<\/p>\n","protected":false},"excerpt":{"rendered":"<p>Dispozitiv de dozare automat\u0103. 200 de programe stocate \u00een PLC; Latime tava: 400\/460 mm; Nivel de zgomot: &gt;70 dB(A); Greutate: 200 kg; Putere: 0,98 kW; Tensiune: 230&#215;2; Dimensiuni cu ambalaj: 100x105x155 cm.<\/p>\n<p><strong>Include accesorii standard: <\/strong>Bol pentru dozare cu role; \u0218ablon de dozare fix 400 mm l\u0103\u021bime \u0219i 6 l\u0103\u021bimea r\u00e2ndului; Set din 6 duze \u201edrepe\u201d din o\u021bel inoxidabil \u00d810<br \/>\nmm; Set de 6 duze \u201estea\u201d din o\u021bel inoxidabil \u00d810 mm; Set de instrumente de \u00eentre\u021binere.<\/p>\n","protected":false},"featured_media":39234,"template":"","meta":[],"_links":{"self":[{"href":"https:\/\/evotek.md\/ro\/wp-json\/wp\/v2\/product\/39243"}],"collection":[{"href":"https:\/\/evotek.md\/ro\/wp-json\/wp\/v2\/product"}],"about":[{"href":"https:\/\/evotek.md\/ro\/wp-json\/wp\/v2\/types\/product"}],"wp:featuredmedia":[{"embeddable":true,"href":"https:\/\/evotek.md\/ro\/wp-json\/wp\/v2\/media\/39234"}],"wp:attachment":[{"href":"https:\/\/evotek.md\/ro\/wp-json\/wp\/v2\/media?parent=39243"}],"curies":[{"name":"wp","href":"https:\/\/api.w.org\/{rel}","templated":true}]}}