{"id":39225,"date":"2023-11-28T14:41:55","date_gmt":"2023-11-28T14:41:55","guid":{"rendered":"https:\/\/evotek.md\/?post_type=product&#038;p=39225"},"modified":"2023-11-28T15:05:08","modified_gmt":"2023-11-28T15:05:08","slug":"sv-4-3i","status":"publish","type":"product","link":"https:\/\/evotek.md\/ro\/produse\/echipamente-termice\/plite-cu-inductie\/sv-4-3i\/","title":{"rendered":"PLITA CU INDUCTIE 3 ARZATOARE -SV-4-3I"},"content":{"rendered":"<p><strong>PLITA CU INDUCTIE 3 ARZATOARE -SV-4-3I-<\/strong> Plita cu induc\u021bie asigur\u0103 economii semnificative de bani datorit\u0103 consumului minim de energie, deoarece soba nu are elemente de \u00eenc\u0103lzire, nu exist\u0103 pierderi de c\u0103ldur\u0103 \u00een timpul transferului de la elementul de \u00eenc\u0103lzire al suprafe\u021bei arz\u0103torului p\u00e2n\u0103 la fundul vaselor de g\u0103tit.<\/p>\n<p><strong>Arz\u0103toare<\/strong><br \/>\nDiametrul minim al vaselor este de la 100 mm.<br \/>\n\u00cen cazul intr\u0103rii cantinelor str\u0103ine<br \/>\naparate, arz\u0103torul se stinge<br \/>\nprotectie impotriva incalzirii.<br \/>\nToate elementele conductoare din interiorul arz\u0103torului<br \/>\nprotejat fiabil de praf \u0219i gr\u0103sime.<\/p>\n<p><strong>Panou de control<\/strong><br \/>\nPanoul de control cu \u200b\u200bindicator luminos are functii<br \/>\ncontrolul puterii, controlul temperaturii<br \/>\n\u0219i cronometru de p\u00e2n\u0103 la 180 de minute.<br \/>\nButon de rota\u021bie (valcoder) f\u0103r\u0103 limitator,<br \/>\ncare asigur\u0103 u\u015furin\u0163a \u00een utilizare \u015fi<br \/>\nprelunge\u0219te semnificativ durata de via\u021b\u0103 a produsului.<br \/>\nPanoul este protejat ermetic<br \/>\nde la p\u0103trunderea umezelii<\/p>\n<p><strong>Cablu de legatura<\/strong><br \/>\nPlita cu inductie<br \/>\ncu cablu rezistent la ulei si rezistent la caldura pentru conectare trifazata.<\/p>\n<p><strong>Reglarea \u00een\u0103l\u021bimii pl\u0103cii<\/strong><br \/>\nPicioarele aragazului sunt reglabile pe inaltime.<\/p>\n<p><strong>Caracteristici<\/strong><br \/>\nConexiune: 380 V<br \/>\nPutere: 10,5 kW<br \/>\nTensiune un arz\u0103tor: 3,5 kW<br \/>\nNumar arzatoare: 3 buc<br \/>\nDimensiuni arzator: 320&#215;320 mm<br \/>\nNum\u0103rul de nivele de reglare a puterii 1 6<br \/>\nTimer, timp\/interval maxim: 180 \/ 1 min<br \/>\nDimensiuni totale (l\/w\/u): 1300x600x850 mm<\/p>\n","protected":false},"excerpt":{"rendered":"<p>Plit\u0103 cu induc\u021bie, de podea, cu 3 arz\u0103toare. Conexiune: 380 V; Putere: 10,5 kW; Tensiune un arz\u0103tor: 3,5 kW; Numar arzatoare: 3 buc; Dimensiuni arzator: 320&#215;320 mm; Num\u0103rul de nivele de reglare a puterii 1 6; Timer, timp\/interval maxim: 180 \/ 1 min; Dimensiuni totale (l\/w\/u): 1300x600x850 mm.<\/p>\n","protected":false},"featured_media":39228,"template":"","meta":[],"_links":{"self":[{"href":"https:\/\/evotek.md\/ro\/wp-json\/wp\/v2\/product\/39225"}],"collection":[{"href":"https:\/\/evotek.md\/ro\/wp-json\/wp\/v2\/product"}],"about":[{"href":"https:\/\/evotek.md\/ro\/wp-json\/wp\/v2\/types\/product"}],"wp:featuredmedia":[{"embeddable":true,"href":"https:\/\/evotek.md\/ro\/wp-json\/wp\/v2\/media\/39228"}],"wp:attachment":[{"href":"https:\/\/evotek.md\/ro\/wp-json\/wp\/v2\/media?parent=39225"}],"curies":[{"name":"wp","href":"https:\/\/api.w.org\/{rel}","templated":true}]}}