{"id":39204,"date":"2023-11-23T07:55:39","date_gmt":"2023-11-23T07:55:39","guid":{"rendered":"https:\/\/evotek.md\/?post_type=product&#038;p=39204"},"modified":"2024-01-04T10:36:52","modified_gmt":"2024-01-04T10:36:52","slug":"m-09405005","status":"publish","type":"product","link":"https:\/\/evotek.md\/ro\/produse\/echipamente-frigorifice\/dulap-frigorific-congelare\/m-09405005\/","title":{"rendered":"DULAP CONGELATOR, 2 RAFTURI REGLABILE, 200 LITRI -M-09405005"},"content":{"rendered":"<p><strong>DULAP CONGELATOR, 2 RAFTURI REGLABILE, 200 LITRI -M-09405005<\/strong>&#8211; Acest congelator profesional are o capacitate totala de 200 l pentru depozitarea alimentelor congelate. Datorit\u0103 dimensiunilor sale compacte, acest congelator din o\u021bel inoxidabil se potrive\u0219te \u00een aproape orice buc\u0103t\u0103rie profesional\u0103. Dou\u0103 rafturi ofer\u0103 suficient spa\u021biu pentru a depozita tot ce ai nevoie. Rafturile sunt fixe si au grile pentru imbunatatirea ventilatiei. U\u0219a este echipat\u0103 cu \u00eencuietoare pentru un plus de confort.<\/p>\n<p><strong>Control precis al temperaturii<\/strong><br \/>\nAcest congelator profesional este echipat cu un regulator electronic de temperatura si un afisaj digital. Acest lucru faciliteaz\u0103 citirea \u0219i setarea temperaturii. Ofer\u0103 o gam\u0103 larg\u0103 de temperatur\u0103 pentru a \u00eenghe\u021ba eficient alimentele. Exist\u0103 o func\u021bie de congelare rapid\u0103 care v\u0103 permite s\u0103 atinge\u021bi rapid temperatura dorit\u0103. Acest congelator ruleaz\u0103 automat un ciclu de dezghe\u021bare la fiecare \u0219ase ore, asigur\u00e2nd formarea minim\u0103 de ghea\u021b\u0103. Este posibil\u0103 \u0219i dezghe\u021barea manual\u0103. Datorit\u0103 izola\u021biei de protec\u021bie, congelatorul func\u021bioneaz\u0103 optim \u00een \u00eenc\u0103peri cu o temperatur\u0103 ambiental\u0103 constant\u0103. Agentul frigorific R290 utilizat nu con\u021bine CFC. Pute\u021bi regla direc\u021bia de deschidere a u\u0219ii. Dispune de dou\u0103 picioare din fa\u021b\u0103 reglabile \u0219i dou\u0103 ro\u021bi din spate care permit o mi\u0219care u\u0219oar\u0103 atunci c\u00e2nd este necesar.<\/p>\n<p><strong>Usor de curatat<\/strong><br \/>\nAcest congelator are un cadru din o\u021bel galvanizat pentru o cur\u0103\u021bare u\u0219oar\u0103. Pentru a cur\u0103\u021ba exteriorul, utiliza\u021bi o c\u00e2rp\u0103 umed\u0103 \u0219i detergent u\u0219or. Interiorul poate fi cur\u0103\u021bat dup\u0103 dezghe\u021barea compartimentului congelator. Pentru a dezghe\u021ba, scoate\u021bi toate alimentele \u0219i opri\u021bi congelatorul. Pentru a accelera dezghe\u021barea, \u00eendep\u0103rta\u021bi cu grij\u0103 ghea\u021ba cu o raclet\u0103 de ghea\u021b\u0103 din plastic. Dup\u0103 cur\u0103\u021barea cu ap\u0103 cald\u0103 \u0219i o c\u00e2rp\u0103 moale, usca\u021bi bine congelatorul \u00eenainte de a-l porni din nou.<\/p>\n<p>Caracteristici<br \/>\nGreutate neta: 46 kg<br \/>\nCapacitate neta: 108 l<br \/>\nVolum total: 200 l<br \/>\nDimensiuni exterioare (LaxLux\u00cen): 600x600x840 mm<br \/>\nDimensiuni interioare (LaxLux\u00cen): 480x470x620 mm<br \/>\nConexiune: 230 V\/50 Hz\/1 faz\u0103 302 W<br \/>\nAgent frigorific: R290, f\u0103r\u0103 CFC<br \/>\nTemperatura ambientala maxima: 30\u00b0C<br \/>\nGrosimea izola\u021biei compacte de protec\u021bie: 4,8 cm<br \/>\nInterval de temperatur\u0103: -18 p\u00e2n\u0103 la -25\u00b0C<br \/>\nCiclu de r\u0103cire specializat pentru a reduce formarea de ghea\u021b\u0103<\/p>\n","protected":false},"excerpt":{"rendered":"<p>Dulap congelator 108 l. Greutate neta: 46 kg; Capacitate neta: 108 l; Volum total: 200 l; Dimensiuni exterioare (LaxLux\u00cen): 600x600x840 mm; Dimensiuni interioare (LaxLux\u00cen): 480x470x620 mm; Conexiune: 230 V\/50 Hz\/1 faz\u0103 302 W; Agent frigorific: R290, f\u0103r\u0103 CFC; Temperatura ambientala maxima: 30\u00b0C; Grosimea izola\u021biei compacte de protec\u021bie: 4,8 cm; Interval de temperatur\u0103: -18 p\u00e2n\u0103 la -25\u00b0C; Ciclu de r\u0103cire specializat pentru a reduce formarea de ghea\u021b\u0103.<\/p>\n","protected":false},"featured_media":39213,"template":"","meta":[],"_links":{"self":[{"href":"https:\/\/evotek.md\/ro\/wp-json\/wp\/v2\/product\/39204"}],"collection":[{"href":"https:\/\/evotek.md\/ro\/wp-json\/wp\/v2\/product"}],"about":[{"href":"https:\/\/evotek.md\/ro\/wp-json\/wp\/v2\/types\/product"}],"wp:featuredmedia":[{"embeddable":true,"href":"https:\/\/evotek.md\/ro\/wp-json\/wp\/v2\/media\/39213"}],"wp:attachment":[{"href":"https:\/\/evotek.md\/ro\/wp-json\/wp\/v2\/media?parent=39204"}],"curies":[{"name":"wp","href":"https:\/\/api.w.org\/{rel}","templated":true}]}}