{"id":39181,"date":"2023-11-13T10:52:43","date_gmt":"2023-11-13T10:52:43","guid":{"rendered":"https:\/\/evotek.md\/?post_type=product&#038;p=39181"},"modified":"2023-11-13T11:13:38","modified_gmt":"2023-11-13T11:13:38","slug":"emp-hmp-010","status":"publish","type":"product","link":"https:\/\/evotek.md\/ro\/produse\/echipamente-termice\/grill-contact-panini-sandwich-2\/emp-hmp-010\/","title":{"rendered":"GRILL CONTACT ELECTRIC, NETED -EMP.HMP.010"},"content":{"rendered":"<p><strong>GRILL CONTACT ELECTRIC, DUBLU, NETED -EMP.HMP.010<\/strong><\/p>\n<p>Caracteristici<br \/>\nDimensiuni: 400x810x500 mm<br \/>\nGreutate: 68 kg<br \/>\nNet: 0,16 mc<br \/>\nPutere: 6 kW<br \/>\nPl\u0103ci inferioare \u0219i superioare din o\u021bel<br \/>\nPlac\u0103 superioar\u0103 acoperit\u0103 cu teflon pentru suprafa\u021ba antiaderenta<br \/>\nControl termostatic separat pentru pl\u0103cile de sus \u0219i de jos<br \/>\nTemperatura maxim\u0103 de func\u021bionare 250 \u00b0C pentru placa de sus, maxim 300 \u00b0C pentru placa de jos<br \/>\nFolosit ca grill atunci cand placa de sus este inchisa<\/p>\n<p>&nbsp;<\/p>\n","protected":false},"excerpt":{"rendered":"<p>Grill contact electric, neted. Dimensiuni: 400x810x500 mm; Greutate: 68 kg; Net: 0,16 mc; Putere: 6 kW; Pl\u0103ci inferioare \u0219i superioare din o\u021bel; Plac\u0103 superioar\u0103 acoperit\u0103 cu teflon pentru suprafa\u021ba antiaderenta; Control termostatic separat pentru pl\u0103cile de sus \u0219i de jos; Temperatura maxim\u0103 de func\u021bionare 250 \u00b0C pentru placa de sus, maxim 300 \u00b0C pentru placa de jos; Folosit ca grill atunci cand placa de sus este inchisa.<\/p>\n","protected":false},"featured_media":39183,"template":"","meta":[],"_links":{"self":[{"href":"https:\/\/evotek.md\/ro\/wp-json\/wp\/v2\/product\/39181"}],"collection":[{"href":"https:\/\/evotek.md\/ro\/wp-json\/wp\/v2\/product"}],"about":[{"href":"https:\/\/evotek.md\/ro\/wp-json\/wp\/v2\/types\/product"}],"wp:featuredmedia":[{"embeddable":true,"href":"https:\/\/evotek.md\/ro\/wp-json\/wp\/v2\/media\/39183"}],"wp:attachment":[{"href":"https:\/\/evotek.md\/ro\/wp-json\/wp\/v2\/media?parent=39181"}],"curies":[{"name":"wp","href":"https:\/\/api.w.org\/{rel}","templated":true}]}}