{"id":39167,"date":"2023-11-10T10:40:18","date_gmt":"2023-11-10T10:45:14","guid":{"rendered":"https:\/\/evotek.md\/?post_type=product&#038;p=39167"},"modified":"2023-11-10T10:49:33","modified_gmt":"2023-11-10T10:49:33","slug":"macpan-msp60jet-t","status":"publish","type":"product","link":"https:\/\/evotek.md\/ro\/produse\/fara-categorie\/macpan-msp60jet-t\/","title":{"rendered":"MALAXOR 95 LITRI -MACPAN MSP60JET\/T"},"content":{"rendered":"<p><strong>MALAXOR 95 LITRI -MACPAN MSP60JET\/T-<\/strong> Malaxor pentru aluat este folosit in industria alimentara si intreprinderile de catering, brutarii si patiserie pentru framantarea diferitelor tipuri de aluat, care este potrivit pentru coacerea produselor de panificatie sau de patiserie. Modelul este echipat cu 2 motoare, 2 temporizatoare si un bol care se roteste in ambele sensuri. Corpul este din otel vopsit, elementele de framantat si vasul sunt din otel inoxidabil.<\/p>\n<p>Particularitati:<br \/>\nCicluri automate \u0219i manuale<br \/>\nPosibilitatea de a schimba rota\u021bia vasului \u00een timpul ciclului automat<br \/>\nTransmisia cu curea elimina vibratiile si zgomotul<\/p>\n<p>Caracteristici<br \/>\nTip: spiral\u0103<br \/>\nVolum: bol 95 l<br \/>\n\u00cenc\u0103rcare aluat: 60 kg<br \/>\nMecanism de prindere bol: bol fix<br \/>\nMecanism de ridicare a capului: travers\u0103 f\u0103r\u0103 ridicare<br \/>\nTensiune: 380V<br \/>\nPutere: de la 1,5 la 3 kW<br \/>\nLatime: 1100 mm<br \/>\nAd\u00e2ncime: 610 mm<br \/>\nInaltime: 1180 mm<br \/>\nGreutate (fara ambalaj): 325 kg<br \/>\nCantitate de faina: 37 kg<br \/>\nDiametru bol: 580 mm<br \/>\nNumar de viteze: 2 viteze<br \/>\nViteza de rota\u021bie a bolului: 16 rpm.<br \/>\nViteza de rota\u021bie \u00een spiral\u0103:<br \/>\n1 viteza: 100 rpm.<br \/>\n2 viteze: 200 rpm.<br \/>\nPutere motor bol: 0,25 kW<br \/>\n\u021aara de origine. Italia<\/p>\n<p>Op\u021biuni (se comand\u0103 separat):<br \/>\nPanou de control digital<br \/>\nHusa de protectie pentru bol de plastic<\/p>\n","protected":false},"excerpt":{"rendered":"<p>Malaxor. Tip: spiral\u0103; Volum: bol 95 l; \u00cenc\u0103rcare aluat: 60 kg; Mecanism de prindere bol: bol fix; Mecanism de ridicare a capului: travers\u0103 f\u0103r\u0103 ridicare; Tensiune: 380V; Putere: de la 1,5 la 3 kW; Latime: 1100 mm; Ad\u00e2ncime: 610 mm; Inaltime: 1180 mm; Greutate (fara ambalaj): 325 kg; Cantitate de faina: 37 kg; Diametru bol: 580 mm; Numar de viteze: 2 viteze; Viteza de rota\u021bie a bolului: 16 rpm.; Viteza de rota\u021bie \u00een spiral\u0103:1 viteza: 100 rpm., 2 viteze: 200 rpm.; Putere motor bol: 0,25 kW; \u021aara de origine. Italia; (Se comand\u0103 separat: Panou de control digital, Husa de protectie pentru bol de plastic).<\/p>\n","protected":false},"featured_media":39166,"template":"","meta":[],"_links":{"self":[{"href":"https:\/\/evotek.md\/ro\/wp-json\/wp\/v2\/product\/39167"}],"collection":[{"href":"https:\/\/evotek.md\/ro\/wp-json\/wp\/v2\/product"}],"about":[{"href":"https:\/\/evotek.md\/ro\/wp-json\/wp\/v2\/types\/product"}],"wp:featuredmedia":[{"embeddable":true,"href":"https:\/\/evotek.md\/ro\/wp-json\/wp\/v2\/media\/39166"}],"wp:attachment":[{"href":"https:\/\/evotek.md\/ro\/wp-json\/wp\/v2\/media?parent=39167"}],"curies":[{"name":"wp","href":"https:\/\/api.w.org\/{rel}","templated":true}]}}