{"id":39151,"date":"2023-11-10T08:21:10","date_gmt":"2023-11-10T08:21:11","guid":{"rendered":"https:\/\/evotek.md\/?post_type=product&#038;p=39151"},"modified":"2023-11-10T08:26:08","modified_gmt":"2023-11-10T08:26:08","slug":"wmf4m","status":"publish","type":"product","link":"https:\/\/evotek.md\/ro\/produse\/fara-categorie\/wmf4m\/","title":{"rendered":"DISPENSER PENTRU PAHARE CU PATRU COMPARTIMENTE -HKN-WMF4M"},"content":{"rendered":"<p><strong>DISPENSER PENTRU PAHARE CU PATRU COMPARTIMENTE -HKN-WMF4M<\/strong>&#8211; Dispenser de pahare sunt concepute pentru a accelera serviciile pentru clien\u021bi la unit\u0103\u021bile de catering, precum \u0219i la punctele de autoservire.<\/p>\n<p>Caracteristici<br \/>\nCompartimente pentru pahare: 4 buc<br \/>\nDiametrul paharelor: pentru dou\u0103 compartimente 79-89 mm, pentru celelalte dou\u0103 compartimente: 70-79 mm<br \/>\nCapacitate pahare \u00een 1 compartiment: 50-60 bucati<br \/>\nMaterial carcasa: otel inoxidabil<br \/>\nInaltime: 650 mm<br \/>\nLungime: 200 mm<br \/>\nLatime: 700 mm<br \/>\nGreutate neta: 12.7 kg<\/p>\n","protected":false},"excerpt":{"rendered":"<p>Dispenser pentru pahare cu patru compartimente. Diametrul paharelor: pentru dou\u0103 compartimente 79-89 mm, pentru celelalte dou\u0103 compartimente: 70-79 mm; Capacitate pahare \u00een 1 compartiment: 50-60 bucati; Material carcasa: otel inoxidabil; Inaltime: 650 mm; Lungime: 200 mm; Latime: 700 mm; Greutate neta: 12.7 kg.<\/p>\n","protected":false},"featured_media":39156,"template":"","meta":[],"_links":{"self":[{"href":"https:\/\/evotek.md\/ro\/wp-json\/wp\/v2\/product\/39151"}],"collection":[{"href":"https:\/\/evotek.md\/ro\/wp-json\/wp\/v2\/product"}],"about":[{"href":"https:\/\/evotek.md\/ro\/wp-json\/wp\/v2\/types\/product"}],"wp:featuredmedia":[{"embeddable":true,"href":"https:\/\/evotek.md\/ro\/wp-json\/wp\/v2\/media\/39156"}],"wp:attachment":[{"href":"https:\/\/evotek.md\/ro\/wp-json\/wp\/v2\/media?parent=39151"}],"curies":[{"name":"wp","href":"https:\/\/api.w.org\/{rel}","templated":true}]}}