{"id":39134,"date":"2023-11-09T14:21:39","date_gmt":"2023-11-09T14:21:39","guid":{"rendered":"https:\/\/evotek.md\/?post_type=product&#038;p=39134"},"modified":"2023-11-09T14:30:58","modified_gmt":"2023-11-09T14:30:58","slug":"mec-sge511svr-1b","status":"publish","type":"product","link":"https:\/\/evotek.md\/ro\/produse\/echipamente-termice\/cuptoare-cu-abur-2-teplovoe-oborudovanie\/mec-sge511svr-1b\/","title":{"rendered":"CUPTOR CU ABUR, PANOU DE CONTROL MECANIC, 5 NIVELE -MEC SGE511SVR.1B"},"content":{"rendered":"<p><strong>CUPTOR CU ABUR, PANOU DE CONTROL MECANIC, 5 NIVELE -MEC SGE511SVR.1B<\/strong><strong style=\"font-size: 14.4px\">&#8211; <\/strong>Cuptor cu abur MEC este conceput pentru prepararea diverselor feluri de m\u00e2ncare folosind aer cald \u0219i tratament cu abur \u00een unit\u0103\u021bile de catering \u0219i comer\u021b. Modelul este echipat cu motoare cu invertor automat al ventilatorului \u0219i u\u0219\u0103 cu deschidere lateral\u0103 cu sticl\u0103 de economisire a energiei. Corpul \u0219i camera de lucru ale cuptorului cu abur sunt realizate din o\u021bel inoxidabil.<\/p>\n<p><strong>*Pentru a beneficia de garan\u021bie este obligatoriu de a fi instalat filtru DVA pentru acest echipament.<\/strong><\/p>\n<p>Caracteristici<br \/>\nTipul de vaporizare: injectare<br \/>\nTipul echipamentului: electric<br \/>\nControl: mecanic<br \/>\nTipul instalatiei: de masa<br \/>\nTipul containerelor: GN 1\/1<br \/>\nNum\u0103rul de nivele: 5<br \/>\nDistan\u021ba dintre nivele: 70 mm<br \/>\nTemperatura maxim\u0103 \u00een interiorul camerei: 280 \u00b0C<br \/>\nLatime: 937 mm<br \/>\nAd\u00e2ncime: 821 mm<br \/>\nInaltime: 715 mm<br \/>\nGreutate neta: 105 kg<br \/>\nConsum de energie: 10,5 kW<br \/>\nSistem de alimentare: 220 V, 1N\/50 F, 400\/3N\/50 \/Hz<\/p>\n<p>&nbsp;<\/p>\n","protected":false},"excerpt":{"rendered":"<p>Cuptor electric cu abur cu o capacitate de 5 t\u0103vi GN 1\/1. Tipul de vaporizare: injectare; Tipul echipamentului: electric; Control: mecanic; Tipul instalatiei: de masa; Tipul containerelor: GN 1\/1; Num\u0103rul de nivele: 5; Distan\u021ba dintre nivele: 70 mm; Temperatura maxim\u0103 \u00een interiorul camerei: 280 \u00b0C; Latime: 937 mm; Ad\u00e2ncime: 821 mm; Inaltime: 715 mm; Greutate neta: 105 kg; Consum de energie: 10,5 kW; Sistem de alimentare: 220 V, 1N\/50 F, 400\/3N\/50 \/Hz.<\/p>\n<p><strong>*T\u0103vile GN \u0219i t\u0103vile pentru patiserie nu sunt incluse \u00een set.<\/strong><br \/>\n<strong>*Recomand\u0103m instalarea adi\u021bional\u0103 a unui filtru DVA pentru o bun\u0103 func\u021bionare a cuptorului.<\/strong><\/p>\n","protected":false},"featured_media":39137,"template":"","meta":[],"_links":{"self":[{"href":"https:\/\/evotek.md\/ro\/wp-json\/wp\/v2\/product\/39134"}],"collection":[{"href":"https:\/\/evotek.md\/ro\/wp-json\/wp\/v2\/product"}],"about":[{"href":"https:\/\/evotek.md\/ro\/wp-json\/wp\/v2\/types\/product"}],"wp:featuredmedia":[{"embeddable":true,"href":"https:\/\/evotek.md\/ro\/wp-json\/wp\/v2\/media\/39137"}],"wp:attachment":[{"href":"https:\/\/evotek.md\/ro\/wp-json\/wp\/v2\/media?parent=39134"}],"curies":[{"name":"wp","href":"https:\/\/api.w.org\/{rel}","templated":true}]}}