{"id":39121,"date":"2023-11-07T14:14:14","date_gmt":"2023-11-07T14:14:14","guid":{"rendered":"https:\/\/evotek.md\/?post_type=product&#038;p=39121"},"modified":"2023-11-07T14:18:13","modified_gmt":"2023-11-07T14:18:13","slug":"schneider-115340","status":"publish","type":"product","link":"https:\/\/evotek.md\/ro\/produse\/fara-categorie\/schneider-115340\/","title":{"rendered":"FORMA DIN SILICON \u201eBISCUIT\u201d, 12 BUCATI, h22 mm -SCHNEIDER-115340"},"content":{"rendered":"<p><strong>FORMA DIN SILICON \u201eBISCUIT\u201d, 12 BUCATI, h22 mm -SCHNEIDER-115340<\/strong><\/p>\n<p>Fabricat din silicon alimentar de \u00eenalt\u0103 calitate, cu un strat antiaderent &#8211; nu este necesar\u0103 lubrifierea prealabil\u0103!<br \/>\nInterval de temperatur\u0103: de la \u2013 60 la + 230\u00b0C (pentru cuptoare, microunde \u0219i congelatoare)<br \/>\nDimensiune tava de copt: 400 x 600 mm.<\/p>\n<p>Caracteristici<br \/>\nInaltime: 22 mm<br \/>\nForme: 12<br \/>\nDiametru matri\u021b\u0103: 120 mm.<br \/>\nVolumul formularului: 120,0 ml.<br \/>\nMaterial: Silicon<\/p>\n","protected":false},"excerpt":{"rendered":"<p>Tava de copt din silicon &#8220;biscuit&#8221; 600&#215;400 mm. Inaltime: 22 mm; Forme: 12; Diametru matri\u021b\u0103: 120 mm; Volumul formularului: 120,0 ml; Material: Silicon.<\/p>\n","protected":false},"featured_media":39124,"template":"","meta":[],"_links":{"self":[{"href":"https:\/\/evotek.md\/ro\/wp-json\/wp\/v2\/product\/39121"}],"collection":[{"href":"https:\/\/evotek.md\/ro\/wp-json\/wp\/v2\/product"}],"about":[{"href":"https:\/\/evotek.md\/ro\/wp-json\/wp\/v2\/types\/product"}],"wp:featuredmedia":[{"embeddable":true,"href":"https:\/\/evotek.md\/ro\/wp-json\/wp\/v2\/media\/39124"}],"wp:attachment":[{"href":"https:\/\/evotek.md\/ro\/wp-json\/wp\/v2\/media?parent=39121"}],"curies":[{"name":"wp","href":"https:\/\/api.w.org\/{rel}","templated":true}]}}