{"id":39114,"date":"2023-11-07T13:56:10","date_gmt":"2023-11-07T13:56:10","guid":{"rendered":"https:\/\/evotek.md\/?post_type=product&#038;p=39114"},"modified":"2023-11-07T14:20:34","modified_gmt":"2023-11-07T14:20:34","slug":"schneider-115313","status":"publish","type":"product","link":"https:\/\/evotek.md\/ro\/produse\/fara-categorie\/schneider-115313\/","title":{"rendered":"FORMA DIN SILICON \u201eBISCUIT\u201d, 12 BUCATI, h10 mm -SCHNEIDER-115313"},"content":{"rendered":"<p><strong>FORMA DIN SILICON \u201eBISCUIT\u201d, 12 BUCATI, h10 mm -SCHNEIDER-115313<\/strong><\/p>\n<p>Fabricat din silicon alimentar de \u00eenalt\u0103 calitate, cu un strat antiaderent &#8211; nu este necesar\u0103 lubrifierea prealabil\u0103!<br \/>\nInterval de temperatur\u0103: de la \u2013 60 la + 230\u00b0C (pentru cuptoare, microunde \u0219i congelatoare)<br \/>\nDimensiune tava de copt: 400 x 600 mm.<\/p>\n<p>Caracteristici<br \/>\nInaltime: 10 mm<br \/>\nForme: 12<br \/>\nDiametru biscuit: 120 mm<br \/>\nVolumul formularului: 112,0 ml<br \/>\nMaterial: Silicon<\/p>\n","protected":false},"excerpt":{"rendered":"<p>Tava de copt din silicon &#8220;biscuit&#8221; 600&#215;400 mm. Inaltime: 10 mm; Forme: 12; Diametru biscuit: 120 mm; Volumul formularului: 112,0 ml; Material: Silicon.<\/p>\n","protected":false},"featured_media":39118,"template":"","meta":[],"_links":{"self":[{"href":"https:\/\/evotek.md\/ro\/wp-json\/wp\/v2\/product\/39114"}],"collection":[{"href":"https:\/\/evotek.md\/ro\/wp-json\/wp\/v2\/product"}],"about":[{"href":"https:\/\/evotek.md\/ro\/wp-json\/wp\/v2\/types\/product"}],"wp:featuredmedia":[{"embeddable":true,"href":"https:\/\/evotek.md\/ro\/wp-json\/wp\/v2\/media\/39118"}],"wp:attachment":[{"href":"https:\/\/evotek.md\/ro\/wp-json\/wp\/v2\/media?parent=39114"}],"curies":[{"name":"wp","href":"https:\/\/api.w.org\/{rel}","templated":true}]}}