{"id":39104,"date":"2023-11-03T10:26:21","date_gmt":"2023-11-03T10:26:21","guid":{"rendered":"https:\/\/evotek.md\/?post_type=product&#038;p=39104"},"modified":"2023-11-03T10:37:38","modified_gmt":"2023-11-03T10:37:38","slug":"vitrina-neutra-pentru-cube-1-3w-igloo-cu101-3n","status":"publish","type":"product","link":"https:\/\/evotek.md\/ro\/produse\/echipamente-frigorifice\/vitrine-frigorifice-pentru-patiserie\/vitrina-neutra-pentru-cube-1-3w-igloo-cu101-3n\/","title":{"rendered":"VITRINA NEUTRA PENTRU CUBE 1.3W -IGLOO-CU101.3N"},"content":{"rendered":"<p><strong>VITRINA NEUTRA PENTRU CUBE 1.3W -IGLOO-CU101.3N-<\/strong> 2 rafturi de sticl\u0103 vitrine pe suport (\u00een\u0103l\u021bime 1195 mm). 3 rafturi din sticl\u0103 de afi\u0219are pe suport (\u00een\u0103l\u021bime 1430 mm). Interval de temperatur\u0103 de func\u021bionare +10\u00b0C \u00f7 +15\u00b0C. Sistem de control al umidit\u0103\u021bii \u0219i \u00eenc\u0103lzitoare de uscare.<\/p>\n<p>Caracteristici<br \/>\nLungime: 1310 mm<br \/>\nInaltime: 1380+\/-10 mm<br \/>\nAd\u00e2ncime: 835 mm<br \/>\nCapacitate neta: 800 dm3<br \/>\nSuprafata expozitie: 2,55 m2<br \/>\nInterval de temperatur\u0103 de func\u021bionare a echipamentului: +5 \u00b1 +15\u00b0C<br \/>\nClasa de eficienta energetica: E<br \/>\nAgent frigorific: R134a \/ R290<br \/>\nTensiune nominal\u0103: 230\/50Hz V<br \/>\nPutere nominala: 974 W<\/p>\n","protected":false},"excerpt":{"rendered":"<p>Vitrina neutra. Lungime: 1310 mm; Inaltime: 1380+\/-10 mm; Ad\u00e2ncime: 835 mm; Capacitate neta: 800 dm3; Suprafata expozitie: 2,55 m2; Interval de temperatur\u0103 de func\u021bionare a echipamentului: +5 \u00b1 +15\u00b0C; Clasa de eficienta energetica: E; Agent frigorific: R134a \/ R290; Tensiune nominal\u0103: 230\/50Hz V; Putere nominala: 974 W.<\/p>\n","protected":false},"featured_media":38557,"template":"","meta":[],"_links":{"self":[{"href":"https:\/\/evotek.md\/ro\/wp-json\/wp\/v2\/product\/39104"}],"collection":[{"href":"https:\/\/evotek.md\/ro\/wp-json\/wp\/v2\/product"}],"about":[{"href":"https:\/\/evotek.md\/ro\/wp-json\/wp\/v2\/types\/product"}],"wp:featuredmedia":[{"embeddable":true,"href":"https:\/\/evotek.md\/ro\/wp-json\/wp\/v2\/media\/38557"}],"wp:attachment":[{"href":"https:\/\/evotek.md\/ro\/wp-json\/wp\/v2\/media?parent=39104"}],"curies":[{"name":"wp","href":"https:\/\/api.w.org\/{rel}","templated":true}]}}