{"id":39096,"date":"2023-11-01T15:34:22","date_gmt":"2023-11-01T15:34:22","guid":{"rendered":"https:\/\/evotek.md\/?post_type=product&#038;p=39096"},"modified":"2023-11-01T15:36:33","modified_gmt":"2023-11-01T15:36:33","slug":"plita-electrica-cu-6-arzatoare-si-cuptor-cu-convectie-ped-6-k","status":"publish","type":"product","link":"https:\/\/evotek.md\/ro\/produse\/echipamente-termice\/plite-electrice\/plita-electrica-cu-6-arzatoare-si-cuptor-cu-convectie-ped-6-k\/","title":{"rendered":"PLITA ELECTRICA CU 6 ARZATOARE SI CUPTOR CU CONVECTIE -PED-6-K"},"content":{"rendered":"<p><strong>PLITA ELECTRICA CU 6 ARZATOARE SI CUPTOR -PED-6-<\/strong>\u00a0 Plit\u0103 electric\u0103 cu \u0219ase arz\u0103toare \u0219i cuptor PED-6 este destinat\u0103 pentru prepararea bucatelor \u00een cantine, restaurante, cafenele, baruri \u0219i alte puncte de alimenta\u021bie public\u0103. Suprafa\u021ba mare si puterea arzatoarelor v\u0103 permite sa folositi vesela de capacitatea mare pentru prepararea bucatelor folosind aceasta plit\u0103. Comutatorul pe trepte de inc\u0103lzire permite controlul temeperaturii de g\u0103tire.<\/p>\n<p>Temperatura in interiorul cuptorului este distribuit\u0103 uniform.<\/p>\n<p>Conectarea la re\u021beaua electric\u0103 a plitei PED-6 este realizat\u0103 printr-un cablu de \u00eenalt\u0103 calitate izolat termic. \u00cencadrarea arz\u0103toarelor este realizat\u0103 dintr-o foaie inoxidabil\u0103 rezistent\u0103 \u0219i solid\u0103. \u00a0Picioarele sunt regabile.<\/p>\n<p><strong>Caracteristici<\/strong><br \/>\nMaterial carcass: cadru arzator si fatada &#8211; otel inoxidabil, pereti laterali &#8211; zincati<br \/>\nNumar de arzatoare: 6<br \/>\nDimensiune arzator: 415&#215;294 mm<br \/>\nPrezen\u021ba unui cuptor: da<br \/>\nDimensiunea tavii: 650x490x40 sau GN 2\/1<br \/>\nTemperatura cuptorului: +50 &#8211; +300 C<br \/>\nNumar de nivele cuptor: 3<br \/>\nPuterea arzatorului: 3 kW<br \/>\nPutere cuptor: 4,8 kW<br \/>\nPutere: 23 kW<br \/>\nTensiune: 380V<br \/>\nDimensiuni: 1350x700x850 mm<br \/>\nGreutate: 198 kg<\/p>\n","protected":false},"excerpt":{"rendered":"<p>Aragaz electric profesional cu 6 arzatoare cu cuptor cu convectie. Material carcass: cadru arzator si fatada &#8211; otel inoxidabil, pereti laterali &#8211; zincati; Dimensiune arzator: 415&#215;294 mm; Prezen\u021ba unui cuptor: da; Dimensiunea tavii: 650x490x40 sau GN 2\/1; Temperatura cuptorului: +50 &#8211; +300 C; Numar de nivele cuptor: 3; Puterea arzatorului: 3 kW; Putere cuptor: 4,8 kW; Putere: 23 kW<br \/>\nTensiune: 380V; Dimensiuni: 1350x700x850 mm; Greutate: 198 kg.<\/p>\n","protected":false},"featured_media":26395,"template":"","meta":[],"_links":{"self":[{"href":"https:\/\/evotek.md\/ro\/wp-json\/wp\/v2\/product\/39096"}],"collection":[{"href":"https:\/\/evotek.md\/ro\/wp-json\/wp\/v2\/product"}],"about":[{"href":"https:\/\/evotek.md\/ro\/wp-json\/wp\/v2\/types\/product"}],"wp:featuredmedia":[{"embeddable":true,"href":"https:\/\/evotek.md\/ro\/wp-json\/wp\/v2\/media\/26395"}],"wp:attachment":[{"href":"https:\/\/evotek.md\/ro\/wp-json\/wp\/v2\/media?parent=39096"}],"curies":[{"name":"wp","href":"https:\/\/api.w.org\/{rel}","templated":true}]}}