{"id":39086,"date":"2023-11-01T13:17:00","date_gmt":"2023-11-01T13:17:00","guid":{"rendered":"https:\/\/evotek.md\/?post_type=product&#038;p=39086"},"modified":"2025-04-07T14:17:46","modified_gmt":"2025-04-07T14:17:46","slug":"set-din-4-inserti-pentru-paste-st-020320","status":"publish","type":"product","link":"https:\/\/evotek.md\/ro\/produse\/accesorii-si-inventar-bucatarie\/inventar-pentru-servire-bucate\/set-din-4-inserti-pentru-paste-st-020320\/","title":{"rendered":"SET DIN 4 INSERTII PENTRU PASTE -ST-020320"},"content":{"rendered":"<p><strong>SET DIN 4 INSERTII PENTRU PASTE -ST-020320<\/strong>&#8211; Insertii de g\u0103tit paste din o\u021bel inoxidabil, v\u0103 permit s\u0103 g\u0103ti\u021bi diferite tipuri de paste \u00eentr-o singur\u0103 cuv\u0103. Setul include patru inser\u021bii, ceea ce \u00eembun\u0103t\u0103\u021be\u0219te semnificativ ergonomia muncii. \u00cen\u0103l\u021bimea inser\u021biei este de 18 cm, iar diametrul setului de 4 inser\u021bii este de 30 cm. Stalgast garanteaz\u0103 c\u0103 produsul respect\u0103 Regulamentul PE 1935\/2004 privind materialele \u0219i instrumentele destinate s\u0103 intre \u00een contact cu alimentele.<\/p>\n<p>Caracteristici<br \/>\nTip: inser\u021bii pentru prepararea pastelor<br \/>\nMaterial O\u021bel inoxidabil \u0219i plastic<br \/>\nDimensiuni 300&#215;180 mm<\/p>\n","protected":false},"excerpt":{"rendered":"<p>Inser\u021bii pentru prepararea pastelor. Material O\u021bel inoxidabil \u0219i plastic; Dimensiuni 300&#215;180 mm.<\/p>\n<p>&nbsp;<\/p>\n","protected":false},"featured_media":39089,"template":"","meta":[],"_links":{"self":[{"href":"https:\/\/evotek.md\/ro\/wp-json\/wp\/v2\/product\/39086"}],"collection":[{"href":"https:\/\/evotek.md\/ro\/wp-json\/wp\/v2\/product"}],"about":[{"href":"https:\/\/evotek.md\/ro\/wp-json\/wp\/v2\/types\/product"}],"wp:featuredmedia":[{"embeddable":true,"href":"https:\/\/evotek.md\/ro\/wp-json\/wp\/v2\/media\/39089"}],"wp:attachment":[{"href":"https:\/\/evotek.md\/ro\/wp-json\/wp\/v2\/media?parent=39086"}],"curies":[{"name":"wp","href":"https:\/\/api.w.org\/{rel}","templated":true}]}}