{"id":39083,"date":"2023-11-01T13:06:14","date_gmt":"2023-11-01T13:06:14","guid":{"rendered":"https:\/\/evotek.md\/?post_type=product&#038;p=39083"},"modified":"2023-11-01T13:07:50","modified_gmt":"2023-11-01T13:07:50","slug":"st-323142","status":"publish","type":"product","link":"https:\/\/evotek.md\/ro\/produse\/accesorii-si-inventar-bucatarie\/inventar-pentru-servire-bucate\/st-323142\/","title":{"rendered":"POLONIC DIN INOX \u00d8120 mm, 670 ml -ST-323142"},"content":{"rendered":"<p><strong>POLONIC DIN INOX \u00d8120 mm, 670 ml -ST-323142-<\/strong> Polonic profesional, realizat f\u0103r\u0103 suduri dintr-o singur\u0103 bucat\u0103 din inox. \u00cengrijire u\u0219oar\u0103 \u0219i cur\u0103\u021bare rapid\u0103. M\u00e2ner ergonomic cu o curb\u0103 special\u0103 pentru ag\u0103\u021barea convenabil\u0103 a acestuia.<\/p>\n<p>Caracteristici<br \/>\nDiametru: 140 mm<br \/>\nVolum: 670 ml<br \/>\nLungime: 440 mm<br \/>\nMaterial: otel inoxidabil<br \/>\nProducator: Stalgast (Polonia)<\/p>\n<p>&nbsp;<\/p>\n","protected":false},"excerpt":{"rendered":"<p>Polonic din inox. Diametru: 140 mm; Volum: 670 ml; Lungime: 440 mm; Material: otel inoxidabil; Producator: Stalgast (Polonia).<\/p>\n<p>&nbsp;<\/p>\n","protected":false},"featured_media":23179,"template":"","meta":[],"_links":{"self":[{"href":"https:\/\/evotek.md\/ro\/wp-json\/wp\/v2\/product\/39083"}],"collection":[{"href":"https:\/\/evotek.md\/ro\/wp-json\/wp\/v2\/product"}],"about":[{"href":"https:\/\/evotek.md\/ro\/wp-json\/wp\/v2\/types\/product"}],"wp:featuredmedia":[{"embeddable":true,"href":"https:\/\/evotek.md\/ro\/wp-json\/wp\/v2\/media\/23179"}],"wp:attachment":[{"href":"https:\/\/evotek.md\/ro\/wp-json\/wp\/v2\/media?parent=39083"}],"curies":[{"name":"wp","href":"https:\/\/api.w.org\/{rel}","templated":true}]}}