{"id":39080,"date":"2023-11-01T12:59:16","date_gmt":"2023-11-01T12:59:16","guid":{"rendered":"https:\/\/evotek.md\/?post_type=product&#038;p=39080"},"modified":"2023-11-01T13:01:56","modified_gmt":"2023-11-01T13:01:56","slug":"st-324141","status":"publish","type":"product","link":"https:\/\/evotek.md\/ro\/produse\/accesorii-si-inventar-bucatarie\/inventar-pentru-servire-bucate\/st-324141\/","title":{"rendered":"SPUMIERA \u00d8140 mm ST-324141"},"content":{"rendered":"<p><strong>SPUMIERA \u00d8140 mm ST-324141-<\/strong> Spumiera este o ustensila de bucatarie sub forma unei linguri mari plate cu multe orificii mici in cupa pentru trecerea lichidului. Este folosit pentru \u00eendep\u0103rtarea spumei, amestecarea \u00een timpul g\u0103tirii, \u00eendep\u0103rtarea unor bucate. Un lucru indispensabil \u00een orice buc\u0103t\u0103rie: fie profesional\u0103 sau acas\u0103.<\/p>\n<p>Caracteristici<br \/>\nDiametru: 140 mm<br \/>\nLungime: 385 mm<br \/>\nMaterial: otel inoxidabil<br \/>\nProducator: Stalgast (Polonia)<\/p>\n","protected":false},"excerpt":{"rendered":"<p>Spumiera. Diametru: 140 mm; Lungime: 385 mm; Material: otel inoxidabil; Producator: Stalgast (Polonia).<\/p>\n","protected":false},"featured_media":29981,"template":"","meta":[],"_links":{"self":[{"href":"https:\/\/evotek.md\/ro\/wp-json\/wp\/v2\/product\/39080"}],"collection":[{"href":"https:\/\/evotek.md\/ro\/wp-json\/wp\/v2\/product"}],"about":[{"href":"https:\/\/evotek.md\/ro\/wp-json\/wp\/v2\/types\/product"}],"wp:featuredmedia":[{"embeddable":true,"href":"https:\/\/evotek.md\/ro\/wp-json\/wp\/v2\/media\/29981"}],"wp:attachment":[{"href":"https:\/\/evotek.md\/ro\/wp-json\/wp\/v2\/media?parent=39080"}],"curies":[{"name":"wp","href":"https:\/\/api.w.org\/{rel}","templated":true}]}}