{"id":39073,"date":"2023-11-01T12:15:48","date_gmt":"2023-11-01T12:15:48","guid":{"rendered":"https:\/\/evotek.md\/?post_type=product&#038;p=39073"},"modified":"2023-11-01T12:43:31","modified_gmt":"2023-11-01T12:43:31","slug":"st-362002","status":"publish","type":"product","link":"https:\/\/evotek.md\/ro\/produse\/fara-categorie\/st-362002\/","title":{"rendered":"SET DIN TREI ELEMENTE PENTRU CONDIMENTE -ST-362002"},"content":{"rendered":"<p><strong>SET DIN TREI ELEMENTE PENTRU CONDIMENTE -ST-362002<\/strong>&#8211; Setul de condimente din trei piese cu suport pentru servetele Stalgast 362002 include o sare, un piper si un recipient pentru scobitoarea. \u00cen\u0103l\u021bime 11,5 centimetri. Ideal pentru restaurante, hoteluri si pensiuni. Suportul pentru \u0219erve\u021bele \u021bine \u00een siguran\u021b\u0103 \u0219erve\u021bele. Produc\u0103torul Stalgast declar\u0103 c\u0103 produsul \u00eendepline\u0219te toate cerin\u021bele de siguran\u021b\u0103 \u00een conformitate cu Regulamentul 1935\/2004 PE.<\/p>\n<p>Caracteristici<br \/>\nTip Seturi de condimente<br \/>\nNum\u0103rul de articole: 3<br \/>\nInaltime: 115 mm<br \/>\nCuloare: Transparent si otel<br \/>\nMaterial: O\u021bel inoxidabil \u0219i plastic<br \/>\nProducator: Stalgast (Polonia)<\/p>\n","protected":false},"excerpt":{"rendered":"<p>Dozator de sapun din otel inoxidabil. Tip Seturi de condimente; Num\u0103rul de articole 3; Inaltime 115 mm; Culoare Transparent si otel; Material O\u021bel inoxidabil \u0219i plastic; Producator Stalgast (Polonia).<\/p>\n","protected":false},"featured_media":39076,"template":"","meta":[],"_links":{"self":[{"href":"https:\/\/evotek.md\/ro\/wp-json\/wp\/v2\/product\/39073"}],"collection":[{"href":"https:\/\/evotek.md\/ro\/wp-json\/wp\/v2\/product"}],"about":[{"href":"https:\/\/evotek.md\/ro\/wp-json\/wp\/v2\/types\/product"}],"wp:featuredmedia":[{"embeddable":true,"href":"https:\/\/evotek.md\/ro\/wp-json\/wp\/v2\/media\/39076"}],"wp:attachment":[{"href":"https:\/\/evotek.md\/ro\/wp-json\/wp\/v2\/media?parent=39073"}],"curies":[{"name":"wp","href":"https:\/\/api.w.org\/{rel}","templated":true}]}}