{"id":39069,"date":"2023-11-01T11:57:11","date_gmt":"2023-11-01T11:57:11","guid":{"rendered":"https:\/\/evotek.md\/?post_type=product&#038;p=39069"},"modified":"2023-11-01T12:08:53","modified_gmt":"2023-11-01T12:08:53","slug":"st-643500","status":"publish","type":"product","link":"https:\/\/evotek.md\/ro\/produse\/fara-categorie\/st-643500\/","title":{"rendered":"DOZATOR DE SAPUN 600 ml -ST-643500"},"content":{"rendered":"<p><strong>DOZATOR DE SAPUN 600 ml -ST-643500-<\/strong> Dozator de sapun din otel inoxidabil<\/p>\n<p>Caracteristici<br \/>\nconceput pentru s\u0103pun lichid<br \/>\nmontaj simplu si usor pe perete<br \/>\nVizorul nivelului de s\u0103pun<br \/>\nrezervor reutilizabil<br \/>\nsupap\u0103 antideversare<br \/>\nMaterial: otel inoxidabil<br \/>\nLatime: 100 mm<br \/>\nAd\u00e2ncime: 65 mm<br \/>\nInaltime: 155 mm<br \/>\nCapacitate: 0,6 l<\/p>\n","protected":false},"excerpt":{"rendered":"<p>Dozator de sapun din otel inoxidabil. conceput pentru s\u0103pun lichid; montaj simplu si usor pe perete; Vizorul nivelului de s\u0103pun; rezervor reutilizabil; supap\u0103 antideversare; Material: otel inoxidabil; Latime: 100 mm; Ad\u00e2ncime: 65 mm; Inaltime: 155 mm; Capacitate: 0,6 l.<\/p>\n","protected":false},"featured_media":39071,"template":"","meta":[],"_links":{"self":[{"href":"https:\/\/evotek.md\/ro\/wp-json\/wp\/v2\/product\/39069"}],"collection":[{"href":"https:\/\/evotek.md\/ro\/wp-json\/wp\/v2\/product"}],"about":[{"href":"https:\/\/evotek.md\/ro\/wp-json\/wp\/v2\/types\/product"}],"wp:featuredmedia":[{"embeddable":true,"href":"https:\/\/evotek.md\/ro\/wp-json\/wp\/v2\/media\/39071"}],"wp:attachment":[{"href":"https:\/\/evotek.md\/ro\/wp-json\/wp\/v2\/media?parent=39069"}],"curies":[{"name":"wp","href":"https:\/\/api.w.org\/{rel}","templated":true}]}}