{"id":39063,"date":"2023-11-01T11:41:00","date_gmt":"2023-11-01T11:41:00","guid":{"rendered":"https:\/\/evotek.md\/?post_type=product&#038;p=39063"},"modified":"2023-11-01T11:53:29","modified_gmt":"2023-11-01T11:53:29","slug":"st-527150","status":"publish","type":"product","link":"https:\/\/evotek.md\/ro\/produse\/fara-categorie\/st-527150\/","title":{"rendered":"CUTITE ROLLER PENTRU ALUAT, 5 LAME -ST-527150"},"content":{"rendered":"<p><strong>CUTITE ROLLER PENTRU ALUAT, 5 LAME -ST-527150-<\/strong> Divizor de aluat cu role Stalgast 527150 este fabricat din otel inoxidabil. Produsul u\u0219ureaz\u0103 t\u0103ierea aluatului \u00een f\u00e2\u0219ii sau p\u0103trate uniforme. Are 5 lame netede. L\u0103\u021bimea maxim\u0103 \u00eentre lame este de 12,5 centimetri. Divizorul de aluat poate fi folosit \u00een magazinele de cofet\u0103rie, precum \u0219i \u00een buc\u0103t\u0103riile de restaurante pentru producerea, de exemplu, de paste.<\/p>\n<p>Caracteristici<br \/>\nDistanta intre lame: 125 mm<br \/>\nMaterial: otel inoxidabil<br \/>\nProducator: Stalgast (Polonia)<\/p>\n","protected":false},"excerpt":{"rendered":"<p>Cu\u021bite roller pentru aluat, 5 cu\u021bite. Distanta intre lame: 125 mm; Material: otel inoxidabil; Producator: Stalgast (Polonia).<\/p>\n","protected":false},"featured_media":39066,"template":"","meta":[],"_links":{"self":[{"href":"https:\/\/evotek.md\/ro\/wp-json\/wp\/v2\/product\/39063"}],"collection":[{"href":"https:\/\/evotek.md\/ro\/wp-json\/wp\/v2\/product"}],"about":[{"href":"https:\/\/evotek.md\/ro\/wp-json\/wp\/v2\/types\/product"}],"wp:featuredmedia":[{"embeddable":true,"href":"https:\/\/evotek.md\/ro\/wp-json\/wp\/v2\/media\/39066"}],"wp:attachment":[{"href":"https:\/\/evotek.md\/ro\/wp-json\/wp\/v2\/media?parent=39063"}],"curies":[{"name":"wp","href":"https:\/\/api.w.org\/{rel}","templated":true}]}}