{"id":39030,"date":"2023-10-31T12:25:31","date_gmt":"2023-10-31T13:54:35","guid":{"rendered":"https:\/\/evotek.md\/?post_type=product&#038;p=39030"},"modified":"2023-10-31T14:09:49","modified_gmt":"2023-10-31T14:09:49","slug":"0a100500","status":"publish","type":"product","link":"https:\/\/evotek.md\/ro\/produse\/fara-categorie\/0a100500\/","title":{"rendered":"CUPTOR ELECTRIC MODULAR P80 -MORETTI FORNI-0A100500"},"content":{"rendered":"<p><strong>CUPTOR ELECTRIC MODULAR P80 -MORETTI FORNI-0A100500<\/strong><\/p>\n<p>Caracteristici<br \/>\nTemperatura maxim\u0103 atinge: 450 C (84Z&#8221;F)<br \/>\nSe coace folosind un termocuplu<br \/>\nSuprafa\u021ba pl\u0103cii cu cataram\u0103 sau \u00eenchiz\u0103toare<br \/>\nGhid suplimentar pentru tav\u0103<br \/>\nInaltime interioara: 180-300 mm<br \/>\nAd\u00e2ncime interioar\u0103: 830 mm<br \/>\nLatime interioara: 605 mm<br \/>\n20 de programe personalizabile<br \/>\nTemporizator<br \/>\nEconomizor<br \/>\nDispozitiv independent de protec\u021bie a temperaturii maxime<\/p>\n","protected":false},"excerpt":{"rendered":"<p>Temperatura maxim\u0103 atinge: 450 C (84Z&#8221;F); Se coace folosind un termocuplu; Suprafa\u021ba pl\u0103cii cu cataram\u0103 sau \u00eenchiz\u0103toare; Ghid suplimentar pentru tav\u0103; Inaltime interioara: 180-300 mm; Ad\u00e2ncime interioar\u0103: 830 mm; Latime interioara: 605 mm; 20 de programe personalizabile; Temporizator; Economizor; Dispozitiv independent de protec\u021bie a temperaturii maxime.<\/p>\n","protected":false},"featured_media":39024,"template":"","meta":[],"_links":{"self":[{"href":"https:\/\/evotek.md\/ro\/wp-json\/wp\/v2\/product\/39030"}],"collection":[{"href":"https:\/\/evotek.md\/ro\/wp-json\/wp\/v2\/product"}],"about":[{"href":"https:\/\/evotek.md\/ro\/wp-json\/wp\/v2\/types\/product"}],"wp:featuredmedia":[{"embeddable":true,"href":"https:\/\/evotek.md\/ro\/wp-json\/wp\/v2\/media\/39024"}],"wp:attachment":[{"href":"https:\/\/evotek.md\/ro\/wp-json\/wp\/v2\/media?parent=39030"}],"curies":[{"name":"wp","href":"https:\/\/api.w.org\/{rel}","templated":true}]}}