{"id":39019,"date":"2023-10-31T12:28:15","date_gmt":"2023-10-31T12:28:15","guid":{"rendered":"https:\/\/evotek.md\/?post_type=product&#038;p=39019"},"modified":"2023-10-31T12:32:49","modified_gmt":"2023-10-31T12:32:49","slug":"l12641b","status":"publish","type":"product","link":"https:\/\/evotek.md\/ro\/produse\/echipamente-termice\/dospitor\/l12641b\/","title":{"rendered":"DOSPITOR 12 NIVELE, MANUAL GN 1\/1 -MEC L12641B"},"content":{"rendered":"<p><strong>DOSPITOR 12 NIVELE, MANUAL GN 1\/1 -MEC L12641B- <\/strong>Dospitorul se folose\u0219te la unit\u0103\u021bile de alimenta\u021bie public\u0103, \u00een brut\u0103rii \u0219i cofet\u0103rii pentru dospirea buc\u0103\u021bilor de aluat, timp \u00een care aluatul cre\u0219te \u00een volum \u0219i cap\u0103t\u0103 o suprafa\u021b\u0103 plan\u0103, porozitatea acestuia este restaurat\u0103. Modelul este echipat cu un motor cu invertor automat al ventilatorului. Carcasa \u0219i interiorul sunt realizate din inox.<\/p>\n<p>Facilit\u0103\u021bi: Reglarea fluxului de aer direct; Interior iluminat cu l\u0103mpi cu halogen; Camer\u0103 cu col\u021buri rotunjite pentru o cur\u0103\u021bare u\u0219oar\u0103; U\u0219\u0103 din material presat.<\/p>\n<p>Caracteristici<br \/>\nTip echipament: electric<br \/>\nTip control: mecanic<br \/>\nConexiune: 2,4 kW<br \/>\nTemperatura maxima: 0-60 \u00b0C<br \/>\nDimensiuni interne: 230V-50\/60Hz<br \/>\nSpa\u021biu tav\u0103: 75 mm<br \/>\nCapacitate: 12x60x40 cm &#8211; GN1\/1<br \/>\nDimensiuni 93,5 x 90,3 x 70,6 cm inaltime<\/p>\n<p>&nbsp;<\/p>\n","protected":false},"excerpt":{"rendered":"<p>Dospitor cu 8 nivele, manual. Tip echipament: electric; Tip control: mecanic; Conexiune: 2,4 kW; Temperatura maxima: 0-60 \u00b0C; Dimensiuni interne: 230V-50\/60Hz; Spa\u021biu tav\u0103: 75 mm; Capacitate: 12x60x40 cm &#8211; GN1\/1; Dimensiuni 93,5 x 90,3 x 70,6 cm inaltime.<\/p>\n","protected":false},"featured_media":39021,"template":"","meta":[],"_links":{"self":[{"href":"https:\/\/evotek.md\/ro\/wp-json\/wp\/v2\/product\/39019"}],"collection":[{"href":"https:\/\/evotek.md\/ro\/wp-json\/wp\/v2\/product"}],"about":[{"href":"https:\/\/evotek.md\/ro\/wp-json\/wp\/v2\/types\/product"}],"wp:featuredmedia":[{"embeddable":true,"href":"https:\/\/evotek.md\/ro\/wp-json\/wp\/v2\/media\/39021"}],"wp:attachment":[{"href":"https:\/\/evotek.md\/ro\/wp-json\/wp\/v2\/media?parent=39019"}],"curies":[{"name":"wp","href":"https:\/\/api.w.org\/{rel}","templated":true}]}}