{"id":3900,"date":"2020-03-04T16:35:27","date_gmt":"2020-03-04T16:35:27","guid":{"rendered":"https:\/\/evotek.md\/?post_type=product&#038;p=3900"},"modified":"2020-03-04T16:35:27","modified_gmt":"2020-03-04T16:35:27","slug":"marmit-pentru-felul-doi-m-2b-1770-classic","status":"publish","type":"product","link":"https:\/\/evotek.md\/ro\/produse\/linii-de-distributie\/linie-deservire-classic\/marmit-pentru-felul-doi-m-2b-1770-classic\/","title":{"rendered":"Marmit pentru felul doi\u00a0 M 2B-1770 Classic"},"content":{"rendered":"<p>Marmit pentru \u00eenc\u0103lzirea felului doi de bucate 2B-1770 Classic este folosit pentru mentinerea cald\u0103 a bucatelor preparate. Dispune de un regulator de temperatur\u0103, care asigur\u0103 controlul automat \u0219i men\u021binerea temperaturii setate pentru \u00eenc\u0103lzirea alimentelor.<\/p>\n<p>Marmitul pe abur asigur\u0103 o \u00eenc\u0103lzire uniform\u0103 a alimentelor. Acest utilaj poate fi conectat la reteaua de ap\u0103.<\/p>\n<p>Tip de echipament:\u00a0 Marmit pentru inc\u0103lzire felul 2.<\/p>\n<p>Tensiune: 220 V.<\/p>\n<p>Putere: 3 kW.<\/p>\n<p>Interval de control al temperaturii, \u0421 + 30 &#8230; + 90<\/p>\n<p>Dimensiuni (L\/W\/H), mm. 1770\u0445780\u04451300<\/p>\n<p>Vasele GN nu sunt incluse.<\/p>\n","protected":false},"excerpt":{"rendered":"<p>Linie de deservire Classic. Marmit pentru felul doi de m\u00e2ncare cu \u00eenc\u0103lzire pe abur. Tensiune: 220 V. Putere: 3 kW. Dimensiuni (L\/W\/H), mm. 1770\u0445780\u04451300.<\/p>\n","protected":false},"featured_media":3896,"template":"","meta":[],"_links":{"self":[{"href":"https:\/\/evotek.md\/ro\/wp-json\/wp\/v2\/product\/3900"}],"collection":[{"href":"https:\/\/evotek.md\/ro\/wp-json\/wp\/v2\/product"}],"about":[{"href":"https:\/\/evotek.md\/ro\/wp-json\/wp\/v2\/types\/product"}],"wp:featuredmedia":[{"embeddable":true,"href":"https:\/\/evotek.md\/ro\/wp-json\/wp\/v2\/media\/3896"}],"wp:attachment":[{"href":"https:\/\/evotek.md\/ro\/wp-json\/wp\/v2\/media?parent=3900"}],"curies":[{"name":"wp","href":"https:\/\/api.w.org\/{rel}","templated":true}]}}