{"id":38930,"date":"2023-10-16T13:33:16","date_gmt":"2023-10-16T13:33:15","guid":{"rendered":"https:\/\/evotek.md\/?post_type=product&#038;p=38930"},"modified":"2025-02-18T14:09:32","modified_gmt":"2025-02-18T14:09:32","slug":"mec-mcp50a","status":"publish","type":"product","link":"https:\/\/evotek.md\/ro\/produse\/echipamente-frigorifice\/masina-de-produs-gheata\/mec-mcp50a\/","title":{"rendered":"MASINA DE PRODUS GHEATA 50 kg\/24 ore -MEC-MCP50A"},"content":{"rendered":"<p><strong>MASINA DE PRODUS GHEATA 50 kg\/24 ore -MEC-MCP50A-<\/strong> Cub de ghea\u021b\u0103 plin de \u00eenalt\u0103 densitate, limpede \u0219i curat. Potrivit pentru r\u0103cirea pe termen lung a oric\u0103rei b\u0103uturi f\u0103r\u0103 a o dilua cu ap\u0103, pentru orice aplicare.<\/p>\n<p>Caracteristici<br \/>\nCapacitate: 50 kg\/24 ore<br \/>\nSistem de pulverizare<br \/>\nCapacitate de depozitare: 25 kg<br \/>\nDimensiuni: 500x585x795 mm<\/p>\n","protected":false},"excerpt":{"rendered":"<p>Ma\u0219in\u0103 de produs ghea\u021b\u0103 cu <span style=\"font-size: 14.4px\">productivitatea de 50 kg\/24 ore; Sistem de pulverizare; Capacitate de depozitare: 25 kg; Dimensiuni: 500x585x795\u00a0mm.<\/span><\/p>\n","protected":false},"featured_media":38928,"template":"","meta":[],"_links":{"self":[{"href":"https:\/\/evotek.md\/ro\/wp-json\/wp\/v2\/product\/38930"}],"collection":[{"href":"https:\/\/evotek.md\/ro\/wp-json\/wp\/v2\/product"}],"about":[{"href":"https:\/\/evotek.md\/ro\/wp-json\/wp\/v2\/types\/product"}],"wp:featuredmedia":[{"embeddable":true,"href":"https:\/\/evotek.md\/ro\/wp-json\/wp\/v2\/media\/38928"}],"wp:attachment":[{"href":"https:\/\/evotek.md\/ro\/wp-json\/wp\/v2\/media?parent=38930"}],"curies":[{"name":"wp","href":"https:\/\/api.w.org\/{rel}","templated":true}]}}