{"id":38926,"date":"2023-10-16T13:23:42","date_gmt":"2023-10-16T13:23:43","guid":{"rendered":"https:\/\/evotek.md\/?post_type=product&#038;p=38926"},"modified":"2023-10-16T13:29:38","modified_gmt":"2023-10-16T13:29:38","slug":"mec-mcp100a","status":"publish","type":"product","link":"https:\/\/evotek.md\/ro\/produse\/echipamente-frigorifice\/masina-de-produs-gheata\/mec-mcp100a\/","title":{"rendered":"MASINA DE PRODUS GHEATA 100 kg\/24 ore -MEC-MCP100A"},"content":{"rendered":"<p><strong>MASINA DE PRODUS GHEATA 100 kg\/24 ore -MEC-MCP100A-<\/strong> Cub de ghea\u021b\u0103 plin de \u00eenalt\u0103 densitate, limpede \u0219i curat. Potrivit pentru r\u0103cirea pe termen lung a oric\u0103rei b\u0103uturi f\u0103r\u0103 a o dilua cu ap\u0103, pentru orice aplicare.<\/p>\n<p>Caracteristici<br \/>\nCapacitate: 100 kg\/24 ore<br \/>\nCub plin: 18 g<br \/>\nSistem de pulverizare<br \/>\nCapacitate de depozitare: 60 kg<br \/>\nDimensiuni: 740x605x1015 mm<\/p>\n","protected":false},"excerpt":{"rendered":"<p>Ma\u0219in\u0103 de produs ghea\u021b\u0103 cu <span style=\"font-size: 14.4px\">productivitatea de 100 kg\/24 ore; Cub plin: 18 g; Sistem de pulverizare; Capacitate de depozitare: 60 kg; Dimensiuni: 740x605x1015 mm.<\/span><\/p>\n","protected":false},"featured_media":38928,"template":"","meta":[],"_links":{"self":[{"href":"https:\/\/evotek.md\/ro\/wp-json\/wp\/v2\/product\/38926"}],"collection":[{"href":"https:\/\/evotek.md\/ro\/wp-json\/wp\/v2\/product"}],"about":[{"href":"https:\/\/evotek.md\/ro\/wp-json\/wp\/v2\/types\/product"}],"wp:featuredmedia":[{"embeddable":true,"href":"https:\/\/evotek.md\/ro\/wp-json\/wp\/v2\/media\/38928"}],"wp:attachment":[{"href":"https:\/\/evotek.md\/ro\/wp-json\/wp\/v2\/media?parent=38926"}],"curies":[{"name":"wp","href":"https:\/\/api.w.org\/{rel}","templated":true}]}}