{"id":38917,"date":"2023-10-12T13:29:50","date_gmt":"2023-10-12T13:29:50","guid":{"rendered":"https:\/\/evotek.md\/?post_type=product&#038;p=38917"},"modified":"2023-10-12T13:36:22","modified_gmt":"2023-10-12T13:36:22","slug":"ak14438","status":"publish","type":"product","link":"https:\/\/evotek.md\/ro\/produse\/echipamente-frigorifice\/vitrine-saladete\/ak14438\/","title":{"rendered":"VITRINA SALADETA, GN1\/3\u00d74 -AMITEK-AK14438"},"content":{"rendered":"<p><strong style=\"font-size: 14.4px\">VITRINA SALADETA, GN1\/3\u00d74 -AMITEK-AK14438- <\/strong><span style=\"font-size: 14.4px\">Vitrin\u0103 frigorific\u0103 cu o capacitate de 6\u00d71 \/ 3 GN \u0219i sticl\u0103 dreptunghiular\u0103. Este conceput\u0103 pentru p\u0103strarea prospe\u021bimii produselor \u0219i demonstra\u021bia lor \u00een institu\u021biile comerciale. Vitrinele au capacitatea de a r\u0103ci produsele \u0219i de a le p\u0103stra ca \u00een starea ini\u021bial\u0103 pentru o perioad\u0103 lung\u0103 de timp. Mai mult, datorit\u0103 suprafe\u021bei mari a sticlei, produsele gata preparate sunt bine expuse \u0219i atrag aten\u021bia cump\u0103r\u0103torilor. Facilit\u0103\u021bi: Regulator digital de temperatur\u0103; Echipat cu picioare reglabile; Rezervoare \u0219i capace exclusive standard; Carcasa \u0219i picioare sunt din inox.<\/span><\/p>\n<p>Caracteristici<br \/>\nPutere: 110 wa\u021bi<br \/>\nAlimentare: 230\/1N\/50<br \/>\nInterval de temperatur\u0103: +2 \u00f7 +8 \u00b0C<br \/>\nAgent frigorific: R600a<br \/>\nTemperatura\/umiditate maxima: +33 \u00b0C \/ 60% RH<br \/>\nDimensiuni: 1400x395x435h mm<br \/>\nCapacitate 4 x GN1\/3 + 1 x GN1\/2<br \/>\nGreutate: 45 kg<br \/>\nDimensiuni ambalaj: 149x46x46h mm<\/p>\n<p>&nbsp;<\/p>\n","protected":false},"excerpt":{"rendered":"<p><span style=\"font-size: 14.4px\">Vitrin\u0103 frigorific\u0103 cu o capacitate de 4\u00d71\/3 GN \u0219i sticl\u0103 dreptunghiular\u0103. Putere: 110 wa\u021bi; Alimentare: 230\/1N\/50; Interval de temperatur\u0103: +2 \u00f7 +8 \u00b0C; Agent frigorific: R600a; Temperatura\/umiditate maxima: +33 \u00b0C \/ 60% RH; Dimensiuni: 1400x395x435h mm; Capacitate 4 x GN1\/3 + 1 x GN1\/2; Greutate: 45 kg; Dimensiuni ambalaj: 149x46x46h mm.<\/span><\/p>\n<p>&nbsp;<\/p>\n","protected":false},"featured_media":31885,"template":"","meta":[],"_links":{"self":[{"href":"https:\/\/evotek.md\/ro\/wp-json\/wp\/v2\/product\/38917"}],"collection":[{"href":"https:\/\/evotek.md\/ro\/wp-json\/wp\/v2\/product"}],"about":[{"href":"https:\/\/evotek.md\/ro\/wp-json\/wp\/v2\/types\/product"}],"wp:featuredmedia":[{"embeddable":true,"href":"https:\/\/evotek.md\/ro\/wp-json\/wp\/v2\/media\/31885"}],"wp:attachment":[{"href":"https:\/\/evotek.md\/ro\/wp-json\/wp\/v2\/media?parent=38917"}],"curies":[{"name":"wp","href":"https:\/\/api.w.org\/{rel}","templated":true}]}}