{"id":38808,"date":"2023-10-05T14:52:18","date_gmt":"2023-10-05T14:52:18","guid":{"rendered":"https:\/\/evotek.md\/?post_type=product&#038;p=38808"},"modified":"2023-10-06T06:51:56","modified_gmt":"2023-10-06T06:51:56","slug":"masa-frigorifica-cu-blat-din-granit-si-saladeta-2-usi-428-litri-st-843300","status":"publish","type":"product","link":"https:\/\/evotek.md\/ro\/produse\/echipamente-frigorifice\/masa-frigider-pentru-pizza\/masa-frigorifica-cu-blat-din-granit-si-saladeta-2-usi-428-litri-st-843300\/","title":{"rendered":"MASA FRIGORIFICA CU BLAT DIN GRANIT SI SALADETA, 2 USI, 428 LITRI -ST-843300"},"content":{"rendered":"<p><strong>MASA FRIGORIFICA CU BLAT DIN GRANIT SI SALADETA, 2 USI, 428 LITRI -ST-843300-<\/strong> este conceputa pentru depozitarea alimentelor care sunt folosite la prepararea pizza. De asemenea, masa poate fi folosit\u0103 at\u00e2t pentru depozitarea temporar\u0103 \u0219i prelucrarea produselor alimentare, deserturilor, cocktail-urilor, c\u00e2t \u0219i ca element separat al echipamentelor frigorifice. \u00cen interiorul mesei, buc\u0103\u021bile de aluat sunt depozitate \u0219i sunt supuse unui proces de fermentare, crusta se prepar\u0103 pe un blat de granit \u0219i se pune umplutura, iar umplutura \u00een sine este depozitat\u0103 \u00eentr-o vitrin\u0103 frigorific\u0103. Acesta este un echipament profesional foarte convenabil \u0219i necesar \u00een buc\u0103t\u0103ria oric\u0103rui restaurant, cafenea, bar \u0219i \u00eentreprinderi mari.<\/p>\n<p>Caracteristici<br \/>\nMax. temperatura: 8 \u00b0C<br \/>\nZona climatic\u0103: 4.0000<br \/>\nConsum zilnic de energie: 2,32 kWh\/zi<br \/>\nConsum anual de energie: 847 kWh\/an<br \/>\nClasa energetica: B<br \/>\nAgent frigorific: R 600 a \/ 95 g<br \/>\nVolum util: 290 l<br \/>\nTensiune &#8211; U: 230 V.<br \/>\nGreutate: 257 kg<br \/>\nInaltime: 1000 mm<br \/>\nLatime: 1510 mm<br \/>\nAd\u00e2ncime: 800 mm<br \/>\nVolum: 428 l<br \/>\nPutere electrica: 0,3 kW<br \/>\nTemperatura min: 2 \u00b0C<\/p>\n<p>&nbsp;<\/p>\n","protected":false},"excerpt":{"rendered":"<p>Mas\u0103 frigorific\u0103 pentru pizza, cu 2 u\u0219i, cu blat din granit. Max. temperatura: 8 \u00b0C; Zona climatic\u0103: 4.0000; Consum zilnic de energie: 2,32 kWh\/zi; Consum anual de energie: 847 kWh\/an; Clasa energetica: B; Agent frigorific: R 600 a \/ 95 g; Volum util: 290 l; Tensiune &#8211; U: 230 V.; Greutate: 257 kg; Inaltime: 1000 mm; Latime: 1510 mm; Ad\u00e2ncime: 800 mm; Volum: 428 l; Putere electrica: 0,3 kW; Temperatura min: 2 \u00b0C.<\/p>\n","protected":false},"featured_media":38811,"template":"","meta":[],"_links":{"self":[{"href":"https:\/\/evotek.md\/ro\/wp-json\/wp\/v2\/product\/38808"}],"collection":[{"href":"https:\/\/evotek.md\/ro\/wp-json\/wp\/v2\/product"}],"about":[{"href":"https:\/\/evotek.md\/ro\/wp-json\/wp\/v2\/types\/product"}],"wp:featuredmedia":[{"embeddable":true,"href":"https:\/\/evotek.md\/ro\/wp-json\/wp\/v2\/media\/38811"}],"wp:attachment":[{"href":"https:\/\/evotek.md\/ro\/wp-json\/wp\/v2\/media?parent=38808"}],"curies":[{"name":"wp","href":"https:\/\/api.w.org\/{rel}","templated":true}]}}