{"id":38797,"date":"2023-10-03T09:16:51","date_gmt":"2023-10-03T09:16:51","guid":{"rendered":"https:\/\/evotek.md\/?post_type=product&#038;p=38797"},"modified":"2023-10-03T09:23:45","modified_gmt":"2023-10-03T09:23:45","slug":"cutter-50-l-sd-09","status":"publish","type":"product","link":"https:\/\/evotek.md\/ro\/produse\/echipamente-electromecanice\/cutter-profesional\/cutter-50-l-sd-09\/","title":{"rendered":"CUTTER, 50 l -SD.09"},"content":{"rendered":"<p><strong>CUTTER, 50 l -SD.09- <\/strong>Cu ajutorul lui pute\u021bi zdrobi nuci, biscuiti, ciocolat\u0103, s\u0103 toca\u021bi carne, \u0219i s\u0103 macina\u021bi orice produse. O caracteristic\u0103 constructiv\u0103 a acestui model este amplasarea lateral\u0103 a vasului, care evit\u0103 \u00eenc\u0103lzirea produsului de la motorul care func\u021bioneaz\u0103. Carcasa \u0219i interiorul sunt din inox.<\/p>\n<p>Caracteristici<br \/>\nInstalare: podea<br \/>\nVolum bol: 50 l<br \/>\nMaterial recipient: o\u021bel inoxidabil<br \/>\nControl: electronic<br \/>\nCronometru: Da<br \/>\nNumar de viteze: 1<br \/>\nViteza: 1500 rpm<br \/>\nMaterial carcasa: otel inoxidabil<br \/>\nPutere: 3 kW<br \/>\nTensiune: 380V<br \/>\nInaltime: 124,5 cm<br \/>\nLatime: 71,8 cm<br \/>\nAd\u00e2ncime: 64,8 cm<br \/>\nGreutate fara ambalaj: 70 kg<\/p>\n<p>&nbsp;<\/p>\n<p>&nbsp;<\/p>\n","protected":false},"excerpt":{"rendered":"<p>Cutter mixer cu o capacitate de 50 litri. Instalare: podea; Volum bol: 50 l; Material recipient: o\u021bel inoxidabil; Control: electronic; Cronometru: Da; Numar de viteze: 1; Viteza: 1500 rpm; Material carcasa: otel inoxidabil; Putere: 3 kW; Tensiune: 380V; Inaltime: 124,5 cm; Latime: 71,8 cm; Ad\u00e2ncime: 64,8 cm; Greutate fara ambalaj: 70 kg.<\/p>\n","protected":false},"featured_media":38800,"template":"","meta":[],"_links":{"self":[{"href":"https:\/\/evotek.md\/ro\/wp-json\/wp\/v2\/product\/38797"}],"collection":[{"href":"https:\/\/evotek.md\/ro\/wp-json\/wp\/v2\/product"}],"about":[{"href":"https:\/\/evotek.md\/ro\/wp-json\/wp\/v2\/types\/product"}],"wp:featuredmedia":[{"embeddable":true,"href":"https:\/\/evotek.md\/ro\/wp-json\/wp\/v2\/media\/38800"}],"wp:attachment":[{"href":"https:\/\/evotek.md\/ro\/wp-json\/wp\/v2\/media?parent=38797"}],"curies":[{"name":"wp","href":"https:\/\/api.w.org\/{rel}","templated":true}]}}