{"id":38780,"date":"2023-09-29T11:53:46","date_gmt":"2023-09-29T11:53:46","guid":{"rendered":"https:\/\/evotek.md\/?post_type=product&#038;p=38780"},"modified":"2023-09-29T12:05:49","modified_gmt":"2023-09-29T12:05:49","slug":"amitek-akd200r","status":"publish","type":"product","link":"https:\/\/evotek.md\/ro\/produse\/echipamente-frigorifice\/dulapuri-frigorifice\/amitek-akd200r\/","title":{"rendered":"DULAP FRIGORIFIC 140 LITRI -AMITEK-AKD200R"},"content":{"rendered":"<p><strong>DULAP FRIGORIFIC 140 LITRI -AMITEK-AKD200R<\/strong>&#8211; Structura exterioara din otel vopsit alb<br \/>\nStructura interioara ABS<br \/>\nPlac\u0103 de r\u0103cire static\u0103 cu ventilator pentru o temperatur\u0103 uniform\u0103<br \/>\nControler digital de u\u0219\u0103 \u00eencorporat<br \/>\nEvaporarea automat\u0103 a condensului<br \/>\nDezghe\u021ba\u021bi c\u00e2nd compresorul se opre\u0219te<br \/>\nU\u0219\u0103 reversibil\u0103 (este necesar un kit op\u021bional)<br \/>\nGrosimea izolatiei 40 mm<br \/>\nPad magnetic usor demontabil<br \/>\nMargini interioare rotunjite<br \/>\nUsa cu incuietoare cu cheie<br \/>\nPrevazut cu 2 rafturi 505&#215;415 mm si 1 polita 505&#215;225 mm.<\/p>\n<p>Caracteristici<br \/>\nClasa de consum de energie: A (2015\/1094\/UP)<br \/>\nClasa climatica: 4<br \/>\nPutere: 100 wa\u021bi<br \/>\nAlimentare: 230\/1H\/50<br \/>\nInterval de temperatur\u0103: 0 \u00f7 +8 \u00b0\u0421<br \/>\nTip de agent frigorific: P600a<br \/>\nTemperatura\/umiditate maxima: +33 \u00b0C \/ 60% umiditate relativa<br \/>\nDimensiuni: 600x600x855h mm<br \/>\nDimensiuni interioare: 500x440x615h mm<br \/>\nCapacitate: 140 litri<br \/>\nNum\u0103r \u0219i tip de rafturi: 2 x 505&#215;415 mm + 1 x 505&#215;225 mm<br \/>\nGreutate neta: 41 kg<br \/>\nGreutate cu ambalaj: 53 kg<br \/>\nDimensiuni ambalaj: 68x65x105h mm<\/p>\n<p>&nbsp;<\/p>\n","protected":false},"excerpt":{"rendered":"<p>Dulap frigorific static, cu o u\u0219\u0103. Clasa de consum de energie: A (2015\/1094\/UP); Clasa climatica: 4; Putere: 100 wa\u021bi; Alimentare: 230\/1H\/50; Interval de temperatur\u0103: 0 \u00f7 +8 \u00b0\u0421; Tip de agent frigorific: P600a; Temperatura\/umiditate maxima: +33 \u00b0C \/ 60% umiditate relativa; Dimensiuni: 600x600x855h mm; Dimensiuni interioare: 500x440x615h mm; Capacitate: 140 litri; Num\u0103r \u0219i tip de rafturi: 2 x 505&#215;415 mm + 1 x 505&#215;225 mm; Greutate neta: 41 kg; Greutate cu ambalaj: 53 kg; Dimensiuni ambalaj: 68x65x105h mm.<\/p>\n<p>&nbsp;<\/p>\n","protected":false},"featured_media":38783,"template":"","meta":[],"_links":{"self":[{"href":"https:\/\/evotek.md\/ro\/wp-json\/wp\/v2\/product\/38780"}],"collection":[{"href":"https:\/\/evotek.md\/ro\/wp-json\/wp\/v2\/product"}],"about":[{"href":"https:\/\/evotek.md\/ro\/wp-json\/wp\/v2\/types\/product"}],"wp:featuredmedia":[{"embeddable":true,"href":"https:\/\/evotek.md\/ro\/wp-json\/wp\/v2\/media\/38783"}],"wp:attachment":[{"href":"https:\/\/evotek.md\/ro\/wp-json\/wp\/v2\/media?parent=38780"}],"curies":[{"name":"wp","href":"https:\/\/api.w.org\/{rel}","templated":true}]}}