{"id":38773,"date":"2023-09-29T11:37:52","date_gmt":"2023-09-29T11:37:52","guid":{"rendered":"https:\/\/evotek.md\/?post_type=product&#038;p=38773"},"modified":"2023-09-29T11:46:00","modified_gmt":"2023-09-29T11:46:00","slug":"amitek-ak961btv","status":"publish","type":"product","link":"https:\/\/evotek.md\/ro\/produse\/echipamente-frigorifice\/masa-frigider\/amitek-ak961btv\/","title":{"rendered":"MASA FRIGORIFICA, 2 USI, 205 LITRI -AMITEK-AK961BTV"},"content":{"rendered":"<p><strong>MASA FRIGORIFICA, 2 USI, 205 LITRI -AMITEK-AK961BTV-<\/strong> Mas\u0103 frigorific\u0103 cu unitatea de racire in partea de jos, 2 u\u0219i, carcasa \u0219i interior din o\u021bel inoxidabil, dezghe\u021bare automat\u0103, controler electronic cu afi\u0219are a temperaturii, evaporare automat\u0103 a condensului, circula\u021bie for\u021bat\u0103 a aerului, picioare reglabile, auto\u00eenchidere usa cu blocarea celor deschise.<\/p>\n<p>Caracteristici<br \/>\nGastronorm: GN 1\/1<br \/>\nVolum total: 205 litri<br \/>\nTemperatura de functionare: -18\u00b0\/-22\u00b0 C<br \/>\nR\u0103cire: ventilat\u0103<br \/>\nAgent frigorific: R290<br \/>\nLungime: 92,2 cm<br \/>\nAd\u00e2ncime: 70 cm<br \/>\nInaltime: 85 cm<\/p>\n<p>&nbsp;<\/p>\n<p>&nbsp;<\/p>\n","protected":false},"excerpt":{"rendered":"<p>Mas\u0103 frigorific\u0103 cu dou\u0103 u\u0219i, unitate de racire in partea de jos. Gastronorm: GN 1\/1; Volum total: 205 litri; Temperatura de functionare: -18\u00b0\/-22\u00b0 C; R\u0103cire: ventilat\u0103; Agent frigorific: R290; Lungime: 92,2 cm; Ad\u00e2ncime: 70 cm; Inaltime: 85 cm.<\/p>\n","protected":false},"featured_media":38775,"template":"","meta":[],"_links":{"self":[{"href":"https:\/\/evotek.md\/ro\/wp-json\/wp\/v2\/product\/38773"}],"collection":[{"href":"https:\/\/evotek.md\/ro\/wp-json\/wp\/v2\/product"}],"about":[{"href":"https:\/\/evotek.md\/ro\/wp-json\/wp\/v2\/types\/product"}],"wp:featuredmedia":[{"embeddable":true,"href":"https:\/\/evotek.md\/ro\/wp-json\/wp\/v2\/media\/38775"}],"wp:attachment":[{"href":"https:\/\/evotek.md\/ro\/wp-json\/wp\/v2\/media?parent=38773"}],"curies":[{"name":"wp","href":"https:\/\/api.w.org\/{rel}","templated":true}]}}